{"id":4516,"date":"2021-02-16T17:25:45","date_gmt":"2021-02-16T16:25:45","guid":{"rendered":"https:\/\/designmarket.be\/?page_id=4516"},"modified":"2026-03-25T15:26:51","modified_gmt":"2026-03-25T14:26:51","slug":"faq","status":"publish","type":"page","link":"https:\/\/designmarket.be\/fr\/faq\/","title":{"rendered":"FAQ"},"content":{"rendered":"<h2\n\t\t\t>FAQ<\/h2>\n<p>Tout ce que vous devez savoir pour pr\u00e9parer votre visite au Brussels Design Market.<\/p>\n<p>\t\t\t\t\t\t\t\t\t\t\t\t<a tabindex=\"0\">Quelles sont les dates de la prochaine \u00e9dition du Brussels Design Market ?<\/a><\/p>\n<p>La prochaine \u00e9dition du Brussels Design Market aura lieu les 21 et 22 novembre 2026<\/p>\n<p>\t\t\t\t\t\t\t\t\t\t\t\t<a tabindex=\"0\">Quelles sont les heures d'ouvertures ?<\/a><\/p>\n<p>Le BDM est ouvert de 12h \u00e0 18h le samedi et de 9h \u00e0 17h le dimanche. L\u2019avant-premi\u00e8re a lieu le samedi matin de 9h \u00e0 12h.<\/p>\n<p>\t\t\t\t\t\t\t\t\t\t\t\t<a tabindex=\"0\">Quelle est l\u2019adresse ?<\/a><\/p>\n<p>Le BDM aura lieu \u00e0 Tour et Taxis dans la Gare Maritime. Rue Picard 7, 9 et 11, 1000 - Bruxelles, Belgique<\/p>\n<p>\t\t\t\t\t\t\t\t\t\t\t\t<a tabindex=\"0\">Comment puis-je acheter mes tickets en ligne ?<\/a><\/p>\n<p class=\" translation-block\">Vous pouvez acheter vos <a href=\"https:\/\/brusselsdesignmarket.tickoweb.be\/tracker?tracker_code=687FER\" target=\"_self\">tickets <span style=\"text-decoration: underline\">ici<\/span><\/a>.<\/p>\n<p>Vous devez suivre ces \u00e9tapes :<\/p>\n<ul>\n<li><strong>S\u00e9lectionner la date<\/strong>\u00a0<strong>&amp; tickets<\/strong> qui vous int\u00e9ressent.<\/li>\n<li>S\u00e9lectionner le <strong>nombre de tickets<\/strong> que vous voulez acheter.<\/li>\n<li><strong>V\u00e9rifiez votre commande<\/strong> et cliquez sur \"suivant\".<\/li>\n<li>Remplissez les champs obligatoires . V\u00e9rifiez que<strong>\u00a0votre adresse email<\/strong> est correcte et compl\u00e8te. Cliquez sur \"suivant\".\u00a0<\/li>\n<li class=\" translation-block\">V\u00e9rifiez et <strong>confirmez votre commande<\/strong>.<\/li>\n<li class=\" translation-block\">Choisissez un <strong>mode de paiement <\/strong> parmi les options disponibles. Suivez les instructions \u00e0 l'\u00e9cran - celles-ci peuvent varier en fonction de votre banque.<\/li>\n<li>Un courriel de confirmation sera envoy\u00e9 \u00e0 l'adresse indiqu\u00e9e dans votre profil. Les billets \u00e9lectroniques seront \u00e9galement envoy\u00e9s par courrier \u00e9lectronique.<\/li>\n<\/ul>\n<p>Besoin d'aide avec votre commande ? Contactez-nous par mail :\u00a0<a href=\"mailto:clara@designmarket.be\">info@designmarket.be<\/a> ou appellez-nous: +32 (0)475 75 38 79<\/p>\n<p>\t\t\t\t\t\t\t\t\t\t\t\t<a tabindex=\"0\">Quel est le prix du ticket d'entr\u00e9e ?<\/a><\/p>\n<p>Preview et Weekend pass: 30\u20ac - Pass samedi apr\u00e8s-midi: 20\u20ac - Passe dimanche: 10\u20ac matin &amp; 15\u20ac apr\u00e8s-midi<\/p>\n<p>Regardez la page <a href=\"https:\/\/entrytickets.be\/design-market-brussels\/brussels-design-market-novembre-202?utm_source=web&amp;utm_medium=site&amp;utm_campaign=websitecampaign\">Tickets<\/a>\u00a0de notre site pour voir tous les prix et diff\u00e9rents tickets.<\/p>\n<p>\t\t\t\t\t\t\t\t\t\t\t\t<a tabindex=\"0\">Puis-je acheter des billets sur place ?<\/a><\/p>\n<p>Oui, mais nous vous recommandons vivement d'acheter vos billets en ligne avant l'\u00e9v\u00e8nement.<\/p>\n<p>\t\t\t\t\t\t\t\t\t\t\t\t<a tabindex=\"0\">Dois-je m\u2019inscrire dans un cr\u00e9neau horaire ?<\/a><\/p>\n<p>Oui, les cr\u00e9neaux horaires sont obligatoires. Lors de l'achat en ligne d'un ticket standard, on vous demandera de s\u00e9lectionner le cr\u00e9neau horaire de votre choix.<\/p>\n<p>\t\t\t\t\t\t\t\t\t\t\t\t<a tabindex=\"0\">Combien de temps dois-je venir \u00e0 l\u2019avance ?<\/a><\/p>\n<p>Pr\u00e9sentez-vous \u00e0 l\u2019heure indiqu\u00e9e sur votre ticket.<\/p>\n<p>\t\t\t\t\t\t\t\t\t\t\t\t<a tabindex=\"0\">Faut-il imprimer son billet ?<\/a><\/p>\n<p>Vous avez le choix. Vous pouvez soit l\u2019imprimer, soit le garder sur votre t\u00e9l\u00e9phone.<\/p>\n<p>\t\t\t\t\t\t\t\t\t\t\t\t<a tabindex=\"0\">J\u2019ai achet\u00e9 deux entr\u00e9es et mon nom apparait sur les deux tickets, est-ce un probl\u00e8me ?<\/a><\/p>\n<p>Non, c'est normal. Les tickets ont le m\u00eame nom mais des code-barres diff\u00e9rents.<\/p>\n<p>\t\t\t\t\t\t\t\t\t\t\t\t<a tabindex=\"0\">J'ai des probl\u00e8mes lors du paiement des tickets, que dois-je faire ?<\/a><\/p>\n<p>Contactez-nous par t\u00e9l\u00e9phone au +32 (0)2 349 35 53 ou par mail \u00e0 <a href=\"mailto:clara@designmarket.be\">info@designmarket.be<\/a>Nous ferons de notre mieux pour vous aider.<\/p>\n<p>\t\t\t\t\t\t\t\t\t\t\t\t<a tabindex=\"0\">Je n'ai pas re\u00e7u mes tickets. Que dois-je faire ?<\/a><\/p>\n<p>Il peut arriver que vous ne trouviez pas l'e-mail de confirmation qui vous a \u00e9t\u00e9 envoy\u00e9. Ce courriel contient le lien pour t\u00e9l\u00e9charger ou r\u00e9cup\u00e9rer vos billets \u00e9lectroniques. Commencez par v\u00e9rifier soigneusement votre bo\u00eete de r\u00e9ception et votre bo\u00eete de courrier ind\u00e9sirable \"Spam\". Le courriel contenant vos billets a \u00e9t\u00e9 envoy\u00e9 \u00e0 l'adresse que vous avez utilis\u00e9e pour passer la commande. Si vous ne le trouvez toujours pas, veuillez v\u00e9rifier vos autres comptes de courrier \u00e9lectronique. Vous avez peut-\u00eatre pass\u00e9 votre commande \u00e0 partir d'une autre adresse \u00e9lectronique. Si vous ne trouvez toujours pas l'e-mail contenant vos billets, veuillez nous contacter par e-mail \u00e0 <a href=\"mailto:clara@designmarket.be\">info@designmarket.be<\/a>.<\/p>\n<p>\t\t\t\t\t\t\t\t\t\t\t\t<a tabindex=\"0\">Est-ce que mon billet est valable plusieurs jours ?<\/a><\/p>\n<p>Le seul ticket valable deux jours est le Preview et Weekend Pass. Le ticket standard est valide un jour, pour un seul acc\u00e8s.<\/p>\n<p>\t\t\t\t\t\t\t\t\t\t\t\t<a tabindex=\"0\">J'ai perdu mes tickets. Que dois-je faire ?<\/a><\/p>\n<p class=\" translation-block\">Si vous ne trouvez plus vos billets ou si vous avez perdu votre e-mail de confirmation, veuillez nous contacter par mail \u00e0 info@designmarket.be. Nous vous renverrons l'e-mail de confirmation.<\/p>\n<p>\t\t\t\t\t\t\t\t\t\t\t\t<a tabindex=\"0\">Je veux me faire rembourser mon entr\u00e9e, est-ce possible ?<\/a><\/p>\n<p>Malheureusement, les tickets ne sont pas remboursables.<\/p>\n<p>\t\t\t\t\t\t\t\t\t\t\t\t<a tabindex=\"0\">Dois-je prendre un ticket pour mon enfant ?<\/a><\/p>\n<p>L'entr\u00e9e est gratuite pour les enfants de moins de 12 ans.<\/p>\n<p>\t\t\t\t\t\t\t\t\t\t\t\t<a tabindex=\"0\">Y a-t-il un vestiaire ?<\/a><\/p>\n<p>Non, il n\u2019y a pas de vestiaire sur place.<\/p>\n<p>\t\t\t\t\t\t\t\t\t\t\t\t<a tabindex=\"0\">Puis-je amener mon chien ? <\/a><\/p>\n<p>Bien s\u00fbr ! Nos amis \u00e0 quatre pattes sont les bienvenus sur l'enti\u00e8ret\u00e9 du site.<\/p>\n<p>\t\t\t\t\t\t\t\t\t\t\t\t<a tabindex=\"0\">Y a-t-il des espaces de restauration sur place ?<\/a><\/p>\n<p>Oui, il y a un march\u00e9 alimentaire \u00e0 l'int\u00e9rieur de la Gare Maritime.<\/p>\n<p>\t\t\t\t\t\t\t\t\t\t\t\t<a tabindex=\"0\">Quels sont les moyens de paiements sur place ?<\/a><\/p>\n<p>En g\u00e9n\u00e9ral, les exposants n'acceptent que les paiements en esp\u00e8ces. Certains d'entre eux peuvent disposer de terminaux de paiement \u00e9lectronique, mais ce n'est pas le cas de la majorit\u00e9.<\/p>\n<p>Vous pouvez trouver un distributeur automatique KBC Rue de l'Intendant 1, 1080 Bruxelles.<\/p>\n<p>\t\t\t\t\t\t\t\t\t\t\t\t<a tabindex=\"0\">Y a-t-il un parking ?<\/a><\/p>\n<p>Oui, il y a deux parkings souterrains (payants).<\/p>\n<ul>\n<li>Parking &#8220;Park Lane&#8221;: entrance \u00a0Rue Picard 11, 1000 Brussels<\/li>\n<li>\n<p>Parking &#8220;Esplanade&#8221;: entrance\u00a0\u00a0 Avenue du Port 86C, 1000 Brussels<\/p>\n<\/li>\n<\/ul>\n<p>\t\t\t\t\t\t\t\t\t\t\t\t<a tabindex=\"0\">O\u00f9 trouver la liste des exposants ?<\/a><\/p>\n<p>Rendez-vous sur cette page : <a href=\"https:\/\/designmarket.be\/fr\/exhibitors\/\">Exposants<\/a><\/p>\n<p>\t\t\t\t\t\t\t\t\t\t\t\t<a tabindex=\"0\">Est-il possible de sortir du salon et de revenir plus tard ?<\/a><\/p>\n<p>Avec le billet en avant-premi\u00e8re, oui. Avec un billet standard, vous devrez respecter votre cr\u00e9neau horaire.<\/p>\n<p>\t\t\t\t\t\t\t\t\t\t\t\t<a tabindex=\"0\">Puis-je emporter mes achats directement avec moi?<\/a><\/p>\n<p>Oui, vous pouvez. Si, pour une raison quelconque, cela ne vous est pas possible, vous aurez la possibilit\u00e9 d'organiser une livraison directement avec l'exposant. Des transporteurs seront \u00e9galement pr\u00e9sents sur place pour emballer votre achat et organiser une livraison \u00e0 votre domicile.<\/p>\n<p>\t\t\t\t\t\t\t\t\t\t\t\t<a tabindex=\"0\">How do I know if the furniture I&#8217;d like to purchase is a real vintage piece ?<\/a><\/p>\n<p>Si vous trouvez cet autocollant sur un article que vous souhaitez acheter, veuillez noter qu'il n'est pas certifi\u00e9 vintage.<img fetchpriority=\"high\" decoding=\"async\" src=\"https:\/\/designmarket.be\/wp-content\/uploads\/2024\/02\/NOT-CERTIFIED-AS-Vintage.png\" alt=\"\" width=\"300\" height=\"300\">&nbsp;<\/p>\n<p>Vous ne trouvez-pas la r\u00e9ponse \u00e0 votre question? Contactez-nous par email \u00e0\u00a0<a href=\"mailto:clara@designmarket.be\">info@designmarket.be.<\/a><\/p>","protected":false},"excerpt":{"rendered":"<p>FAQ Everything you need to know to prepare your visit to the Brussels Design Market. When is the next edition of Brussels Design Market? The next edition of the Brussels&hellip;<\/p>","protected":false},"author":1,"featured_media":3014,"parent":0,"menu_order":0,"comment_status":"closed","ping_status":"closed","template":"","meta":{"_price":"","_stock":"","_tribe_ticket_header":"","_tribe_default_ticket_provider":"","_tribe_ticket_capacity":"0","_ticket_start_date":"","_ticket_end_date":"","_tribe_ticket_show_description":"","_tribe_ticket_show_not_going":false,"_tribe_ticket_use_global_stock":"","_tribe_ticket_global_stock_level":"","_global_stock_mode":"","_global_stock_cap":"","_tribe_rsvp_for_event":"","_tribe_ticket_going_count":"","_tribe_ticket_not_going_count":"","_tribe_tickets_list":[],"_tribe_ticket_has_attendee_info_fields":false,"footnotes":""},"yoast_head":"<!-- This site is optimized with the Yoast SEO plugin v21.8 - https:\/\/yoast.com\/wordpress\/plugins\/seo\/ -->\n<title>FAQ - Brussels Design Market<\/title>\n<meta name=\"robots\" content=\"index, follow, max-snippet:-1, max-image-preview:large, max-video-preview:-1\" \/>\n<link rel=\"canonical\" href=\"https:\/\/designmarket.be\/fr\/faq\/\" \/>\n<meta property=\"og:locale\" content=\"fr_FR\" \/>\n<meta property=\"og:type\" content=\"article\" \/>\n<meta property=\"og:title\" content=\"FAQ - Brussels Design Market\" \/>\n<meta property=\"og:description\" content=\"FAQ Everything you need to know to prepare your visit to the Brussels Design Market. When is the next edition of Brussels Design Market? The next edition of the Brussels&hellip;\" \/>\n<meta property=\"og:url\" content=\"https:\/\/designmarket.be\/fr\/faq\/\" \/>\n<meta property=\"og:site_name\" content=\"Brussels Design Market\" \/>\n<meta property=\"article:publisher\" content=\"https:\/\/www.facebook.com\/BrusselDesignMarket\" \/>\n<meta property=\"article:modified_time\" content=\"2026-03-25T14:26:51+00:00\" \/>\n<meta property=\"og:image\" content=\"https:\/\/designmarket.be\/wp-content\/uploads\/2020\/12\/web_headers_9.jpg\" \/>\n\t<meta property=\"og:image:width\" content=\"1050\" \/>\n\t<meta property=\"og:image:height\" content=\"300\" \/>\n\t<meta property=\"og:image:type\" content=\"image\/jpeg\" \/>\n<meta name=\"twitter:card\" content=\"summary_large_image\" \/>\n<meta name=\"twitter:label1\" content=\"Dur\u00e9e de lecture est.\" \/>\n\t<meta name=\"twitter:data1\" content=\"5 minutes\" \/>\n<script type=\"application\/ld+json\" class=\"yoast-schema-graph\">{\"@context\":\"https:\/\/schema.org\",\"@graph\":[{\"@type\":\"WebPage\",\"@id\":\"https:\/\/designmarket.be\/faq\/\",\"url\":\"https:\/\/designmarket.be\/faq\/\",\"name\":\"FAQ - Brussels Design Market\",\"isPartOf\":{\"@id\":\"https:\/\/designmarket.be\/#website\"},\"datePublished\":\"2021-02-16T16:25:45+00:00\",\"dateModified\":\"2026-03-25T14:26:51+00:00\",\"breadcrumb\":{\"@id\":\"https:\/\/designmarket.be\/faq\/#breadcrumb\"},\"inLanguage\":\"fr-BE\",\"potentialAction\":[{\"@type\":\"ReadAction\",\"target\":[\"https:\/\/designmarket.be\/faq\/\"]}]},{\"@type\":\"BreadcrumbList\",\"@id\":\"https:\/\/designmarket.be\/faq\/#breadcrumb\",\"itemListElement\":[{\"@type\":\"ListItem\",\"position\":1,\"name\":\"Accueil\",\"item\":\"https:\/\/designmarket.be\/\"},{\"@type\":\"ListItem\",\"position\":2,\"name\":\"FAQ\"}]},{\"@type\":\"WebSite\",\"@id\":\"https:\/\/designmarket.be\/#website\",\"url\":\"https:\/\/designmarket.be\/\",\"name\":\"Brussels Design Market\",\"description\":\"Next edition : 21 &amp; 22 November 2026\",\"publisher\":{\"@id\":\"https:\/\/designmarket.be\/#organization\"},\"potentialAction\":[{\"@type\":\"SearchAction\",\"target\":{\"@type\":\"EntryPoint\",\"urlTemplate\":\"https:\/\/designmarket.be\/?s={search_term_string}\"},\"query-input\":\"required name=search_term_string\"}],\"inLanguage\":\"fr-BE\"},{\"@type\":\"Organization\",\"@id\":\"https:\/\/designmarket.be\/#organization\",\"name\":\"Design Market\",\"url\":\"https:\/\/designmarket.be\/\",\"logo\":{\"@type\":\"ImageObject\",\"inLanguage\":\"fr-BE\",\"@id\":\"https:\/\/designmarket.be\/#\/schema\/logo\/image\/\",\"url\":\"https:\/\/designmarket.be\/wp-content\/uploads\/2020\/11\/logo-default-black-e1607076753687.png\",\"contentUrl\":\"https:\/\/designmarket.be\/wp-content\/uploads\/2020\/11\/logo-default-black-e1607076753687.png\",\"width\":150,\"height\":85,\"caption\":\"Design Market\"},\"image\":{\"@id\":\"https:\/\/designmarket.be\/#\/schema\/logo\/image\/\"},\"sameAs\":[\"https:\/\/www.facebook.com\/BrusselDesignMarket\",\"https:\/\/www.instagram.com\/brusselsdesignmarket\/\",\"https:\/\/www.pinterest.dk\/BrusselsDesignMarket\"]}]}<\/script>\n<!-- \/ Yoast SEO plugin. -->","yoast_head_json":{"title":"FAQ - Brussels Design Market","robots":{"index":"index","follow":"follow","max-snippet":"max-snippet:-1","max-image-preview":"max-image-preview:large","max-video-preview":"max-video-preview:-1"},"canonical":"https:\/\/designmarket.be\/fr\/faq\/","og_locale":"fr_FR","og_type":"article","og_title":"FAQ - Brussels Design Market","og_description":"FAQ Everything you need to know to prepare your visit to the Brussels Design Market. When is the next edition of Brussels Design Market? The next edition of the Brussels&hellip;","og_url":"https:\/\/designmarket.be\/fr\/faq\/","og_site_name":"Brussels Design Market","article_publisher":"https:\/\/www.facebook.com\/BrusselDesignMarket","article_modified_time":"2026-03-25T14:26:51+00:00","og_image":[{"width":1050,"height":300,"url":"https:\/\/designmarket.be\/wp-content\/uploads\/2020\/12\/web_headers_9.jpg","type":"image\/jpeg"}],"twitter_card":"summary_large_image","twitter_misc":{"Dur\u00e9e de lecture est.":"5 minutes"},"schema":{"@context":"https:\/\/schema.org","@graph":[{"@type":"WebPage","@id":"https:\/\/designmarket.be\/faq\/","url":"https:\/\/designmarket.be\/faq\/","name":"FAQ - Brussels Design Market","isPartOf":{"@id":"https:\/\/designmarket.be\/#website"},"datePublished":"2021-02-16T16:25:45+00:00","dateModified":"2026-03-25T14:26:51+00:00","breadcrumb":{"@id":"https:\/\/designmarket.be\/faq\/#breadcrumb"},"inLanguage":"fr-BE","potentialAction":[{"@type":"ReadAction","target":["https:\/\/designmarket.be\/faq\/"]}]},{"@type":"BreadcrumbList","@id":"https:\/\/designmarket.be\/faq\/#breadcrumb","itemListElement":[{"@type":"ListItem","position":1,"name":"Accueil","item":"https:\/\/designmarket.be\/"},{"@type":"ListItem","position":2,"name":"FAQ"}]},{"@type":"WebSite","@id":"https:\/\/designmarket.be\/#website","url":"https:\/\/designmarket.be\/","name":"Brussels Design Market","description":"Next edition : 21 &amp; 22 November 2026","publisher":{"@id":"https:\/\/designmarket.be\/#organization"},"potentialAction":[{"@type":"SearchAction","target":{"@type":"EntryPoint","urlTemplate":"https:\/\/designmarket.be\/?s={search_term_string}"},"query-input":"required name=search_term_string"}],"inLanguage":"fr-BE"},{"@type":"Organization","@id":"https:\/\/designmarket.be\/#organization","name":"Design Market","url":"https:\/\/designmarket.be\/","logo":{"@type":"ImageObject","inLanguage":"fr-BE","@id":"https:\/\/designmarket.be\/#\/schema\/logo\/image\/","url":"https:\/\/designmarket.be\/wp-content\/uploads\/2020\/11\/logo-default-black-e1607076753687.png","contentUrl":"https:\/\/designmarket.be\/wp-content\/uploads\/2020\/11\/logo-default-black-e1607076753687.png","width":150,"height":85,"caption":"Design Market"},"image":{"@id":"https:\/\/designmarket.be\/#\/schema\/logo\/image\/"},"sameAs":["https:\/\/www.facebook.com\/BrusselDesignMarket","https:\/\/www.instagram.com\/brusselsdesignmarket\/","https:\/\/www.pinterest.dk\/BrusselsDesignMarket"]}]}},"_links":{"self":[{"href":"https:\/\/designmarket.be\/fr\/wp-json\/wp\/v2\/pages\/4516"}],"collection":[{"href":"https:\/\/designmarket.be\/fr\/wp-json\/wp\/v2\/pages"}],"about":[{"href":"https:\/\/designmarket.be\/fr\/wp-json\/wp\/v2\/types\/page"}],"author":[{"embeddable":true,"href":"https:\/\/designmarket.be\/fr\/wp-json\/wp\/v2\/users\/1"}],"replies":[{"embeddable":true,"href":"https:\/\/designmarket.be\/fr\/wp-json\/wp\/v2\/comments?post=4516"}],"version-history":[{"count":339,"href":"https:\/\/designmarket.be\/fr\/wp-json\/wp\/v2\/pages\/4516\/revisions"}],"predecessor-version":[{"id":11874,"href":"https:\/\/designmarket.be\/fr\/wp-json\/wp\/v2\/pages\/4516\/revisions\/11874"}],"wp:featuredmedia":[{"embeddable":true,"href":"https:\/\/designmarket.be\/fr\/wp-json\/wp\/v2\/media\/3014"}],"wp:attachment":[{"href":"https:\/\/designmarket.be\/fr\/wp-json\/wp\/v2\/media?parent=4516"}],"curies":[{"name":"wp","href":"https:\/\/api.w.org\/{rel}","templated":true}]}}