{"id":6041,"date":"2021-10-29T10:19:30","date_gmt":"2021-10-29T08:19:30","guid":{"rendered":"https:\/\/designmarket.be\/?page_id=6041"},"modified":"2026-01-27T11:41:43","modified_gmt":"2026-01-27T10:41:43","slug":"contact-2","status":"publish","type":"page","link":"https:\/\/designmarket.be\/fr\/contact-2\/","title":{"rendered":"A propos"},"content":{"rendered":"<div data-elementor-type=\"wp-post\" data-elementor-id=\"6041\" class=\"elementor elementor-6041\" data-elementor-post-type=\"page\">\n\t\t\t\t\t\t\t\t\t<section class=\"elementor-section elementor-top-section elementor-element elementor-element-2e338c4 elementor-section-stretched elementor-section-boxed elementor-section-height-default elementor-section-height-default sc_fly_static\" data-id=\"2e338c4\" data-element_type=\"section\" data-settings=\"{&quot;stretch_section&quot;:&quot;section-stretched&quot;,&quot;background_background&quot;:&quot;classic&quot;}\">\n\t\t\t\t\t\t<div class=\"elementor-container elementor-column-gap-extended\">\n\t\t\t\t\t<div class=\"elementor-column elementor-col-100 elementor-top-column elementor-element elementor-element-e28e2a7 sc_inner_width_none sc_content_align_inherit sc_layouts_column_icons_position_left sc_fly_static\" data-id=\"e28e2a7\" data-element_type=\"column\" data-settings=\"{&quot;background_background&quot;:&quot;classic&quot;}\">\n\t\t\t<div class=\"elementor-widget-wrap elementor-element-populated\">\n\t\t\t\t\t\t\t\t<div class=\"elementor-element elementor-element-cc836dc sc_fly_static elementor-widget elementor-widget-spacer\" data-id=\"cc836dc\" data-element_type=\"widget\" data-widget_type=\"spacer.default\">\n\t\t\t\t<div class=\"elementor-widget-container\">\n\t\t\t\t\t<div class=\"elementor-spacer\">\n\t\t\t<div class=\"elementor-spacer-inner\"><\/div>\n\t\t<\/div>\n\t\t\t\t<\/div>\n\t\t\t\t<\/div>\n\t\t\t\t<div class=\"elementor-element elementor-element-3df3c50 animation_type_block sc_fly_static elementor-invisible elementor-widget elementor-widget-trx_sc_title\" data-id=\"3df3c50\" data-element_type=\"widget\" data-settings=\"{&quot;_animation&quot;:&quot;fadeIn&quot;}\" data-widget_type=\"trx_sc_title.default\">\n\t\t\t\t<div class=\"elementor-widget-container\">\n\t\t\t<div\t\tclass=\"sc_title sc_title_default\"><h2 class=\"sc_item_title sc_title_title sc_item_title_style_default\"\n\t\t\t><span class=\"sc_item_title_text\">170 vintage dealers <\/span><\/h2><div class=\"sc_item_descr sc_title_descr\"><p>Depuis sa cr\u00e9ation, Brussels Design Market s'est d\u00e9velopp\u00e9 en tant que le plus grand march\u00e9 de design d'Europe. Consid\u00e9r\u00e9 comme un incontournable du calendrier international du design vintage, il invite \u00e0 la d\u00e9couverte d'exposants \u00e9clair\u00e9s et passionn\u00e9s, encensant le design du 20e si\u00e8cle avec leurs s\u00e9lections de haute qualit\u00e9. Scandinave, italien ou am\u00e9ricain, de Corbusier \u00e0 Jacobsen en passant par Bertoia, le Brussels Design Market offre un large \u00e9ventail de choix pour r\u00e9pondre \u00e0 la diversit\u00e9 des go\u00fbts et des int\u00e9rieurs. <\/p>\n<p>Provenant des quatre coins d'Europe, les marchands proposent une collection \u00e9clectique, f\u00e9d\u00e9rant en un seul lieu les styles et tendances qui ont marqu\u00e9 le si\u00e8cle dernier. Au c\u00f4t\u00e9 de pi\u00e8ces iconiques, Brussels Design Market propose aussi des pi\u00e8ces anonymes et exclusives \u00e0 des prix abordables.<\/p>\n<\/div><\/div>\t\t<\/div>\n\t\t\t\t<\/div>\n\t\t\t\t<div class=\"elementor-element elementor-element-5002dee sc_fly_static elementor-widget elementor-widget-spacer\" data-id=\"5002dee\" data-element_type=\"widget\" data-widget_type=\"spacer.default\">\n\t\t\t\t<div class=\"elementor-widget-container\">\n\t\t\t\t\t<div class=\"elementor-spacer\">\n\t\t\t<div class=\"elementor-spacer-inner\"><\/div>\n\t\t<\/div>\n\t\t\t\t<\/div>\n\t\t\t\t<\/div>\n\t\t\t\t<div class=\"elementor-element elementor-element-5dbe350 sc_fly_static elementor-widget elementor-widget-image\" data-id=\"5dbe350\" data-element_type=\"widget\" data-widget_type=\"image.default\">\n\t\t\t\t<div class=\"elementor-widget-container\">\n\t\t\t\t\t\t\t\t\t\t\t\t\t\t\t<img fetchpriority=\"high\" decoding=\"async\" width=\"1024\" height=\"512\" src=\"https:\/\/designmarket.be\/wp-content\/uploads\/2022\/08\/1-3-1024x512.png\" class=\"attachment-large size-large wp-image-7724\" alt=\"\" srcset=\"https:\/\/designmarket.be\/wp-content\/uploads\/2022\/08\/1-3-1024x512.png 1024w, https:\/\/designmarket.be\/wp-content\/uploads\/2022\/08\/1-3-300x150.png 300w, https:\/\/designmarket.be\/wp-content\/uploads\/2022\/08\/1-3-768x384.png 768w, https:\/\/designmarket.be\/wp-content\/uploads\/2022\/08\/1-3-18x9.png 18w, https:\/\/designmarket.be\/wp-content\/uploads\/2022\/08\/1-3-370x185.png 370w, https:\/\/designmarket.be\/wp-content\/uploads\/2022\/08\/1-3-760x380.png 760w, https:\/\/designmarket.be\/wp-content\/uploads\/2022\/08\/1-3.png 1200w\" sizes=\"(max-width: 1024px) 100vw, 1024px\" \/>\t\t\t\t\t\t\t\t\t\t\t\t\t\t\t<\/div>\n\t\t\t\t<\/div>\n\t\t\t\t<div class=\"elementor-element elementor-element-5d3c073 sc_fly_static elementor-widget elementor-widget-spacer\" data-id=\"5d3c073\" data-element_type=\"widget\" data-widget_type=\"spacer.default\">\n\t\t\t\t<div class=\"elementor-widget-container\">\n\t\t\t\t\t<div class=\"elementor-spacer\">\n\t\t\t<div class=\"elementor-spacer-inner\"><\/div>\n\t\t<\/div>\n\t\t\t\t<\/div>\n\t\t\t\t<\/div>\n\t\t\t\t\t<\/div>\n\t\t<\/div>\n\t\t\t\t\t\t\t<\/div>\n\t\t<\/section>\n\t\t\t\t<section class=\"elementor-section elementor-top-section elementor-element elementor-element-97e02cc elementor-section-stretched elementor-section-boxed elementor-section-height-default elementor-section-height-default sc_fly_static\" data-id=\"97e02cc\" data-element_type=\"section\" data-settings=\"{&quot;stretch_section&quot;:&quot;section-stretched&quot;,&quot;background_background&quot;:&quot;classic&quot;}\">\n\t\t\t\t\t\t<div class=\"elementor-container elementor-column-gap-extended\">\n\t\t\t\t\t<div class=\"elementor-column elementor-col-100 elementor-top-column elementor-element elementor-element-e418619 sc_inner_width_none sc_content_align_inherit sc_layouts_column_icons_position_left sc_fly_static\" data-id=\"e418619\" data-element_type=\"column\" data-settings=\"{&quot;background_background&quot;:&quot;classic&quot;}\">\n\t\t\t<div class=\"elementor-widget-wrap elementor-element-populated\">\n\t\t\t\t\t\t\t\t<div class=\"elementor-element elementor-element-a58e1e3 sc_fly_static elementor-widget elementor-widget-spacer\" data-id=\"a58e1e3\" data-element_type=\"widget\" data-widget_type=\"spacer.default\">\n\t\t\t\t<div class=\"elementor-widget-container\">\n\t\t\t\t\t<div class=\"elementor-spacer\">\n\t\t\t<div class=\"elementor-spacer-inner\"><\/div>\n\t\t<\/div>\n\t\t\t\t<\/div>\n\t\t\t\t<\/div>\n\t\t\t\t<div class=\"elementor-element elementor-element-5d84c28 animation_type_block sc_fly_static elementor-invisible elementor-widget elementor-widget-trx_sc_title\" data-id=\"5d84c28\" data-element_type=\"widget\" data-settings=\"{&quot;_animation&quot;:&quot;fadeIn&quot;}\" data-widget_type=\"trx_sc_title.default\">\n\t\t\t\t<div class=\"elementor-widget-container\">\n\t\t\t<div\t\tclass=\"sc_title sc_title_default\"><h2 class=\"sc_item_title sc_title_title sc_item_title_style_default\"\n\t\t\t><span class=\"sc_item_title_text\">Un endroit d'exception et une atmosph\u00e8re unique<\/span><\/h2><div class=\"sc_item_descr sc_title_descr\"><p>Deux fois par an, en mars et en novembre, Brussels Design Market accueille ses exposants et marchands de vintage dans un espace totalement unique en Europe, \u00e0 la pointe de la technologie de l\u2019architecture et du design : la Gare Maritime enti\u00e8rement restaur\u00e9e \u00e0 Tour &amp; Taxis - 8 000 m\u00e8tres carr\u00e9s sp\u00e9cialement d\u00e9di\u00e9s \u00e0 une s\u00e9lection de design vintage de haute qualit\u00e9. <\/p>\n<p>Conservant l\u2019atmosph\u00e8re unique qui caract\u00e9rise les march\u00e9s aux puces, le Brussels Design Market n\u2019a cess\u00e9 de cro\u00eetre, d\u2019attirer de plus en plus de visiteurs d\u2019ann\u00e9e en ann\u00e9e, et s\u2019est d\u00e9velopp\u00e9 en un v\u00e9ritable lieu de rencontre et d\u2019\u00e9change. <\/p>\n<\/div><\/div>\t\t<\/div>\n\t\t\t\t<\/div>\n\t\t\t\t\t<\/div>\n\t\t<\/div>\n\t\t\t\t\t\t\t<\/div>\n\t\t<\/section>\n\t\t\t\t<section class=\"elementor-section elementor-top-section elementor-element elementor-element-2c63b5c elementor-section-stretched elementor-section-boxed elementor-section-height-default elementor-section-height-default sc_fly_static\" data-id=\"2c63b5c\" data-element_type=\"section\" data-settings=\"{&quot;stretch_section&quot;:&quot;section-stretched&quot;,&quot;background_background&quot;:&quot;classic&quot;}\">\n\t\t\t\t\t\t<div class=\"elementor-container elementor-column-gap-extended\">\n\t\t\t\t\t<div class=\"elementor-column elementor-col-100 elementor-top-column elementor-element elementor-element-a5ebfed sc_inner_width_none sc_content_align_inherit sc_layouts_column_icons_position_left sc_fly_static\" data-id=\"a5ebfed\" data-element_type=\"column\" data-settings=\"{&quot;background_background&quot;:&quot;classic&quot;}\">\n\t\t\t<div class=\"elementor-widget-wrap elementor-element-populated\">\n\t\t\t\t\t\t\t\t<div class=\"elementor-element elementor-element-4b04ff8 sc_fly_static elementor-widget elementor-widget-spacer\" data-id=\"4b04ff8\" data-element_type=\"widget\" data-widget_type=\"spacer.default\">\n\t\t\t\t<div class=\"elementor-widget-container\">\n\t\t\t\t\t<div class=\"elementor-spacer\">\n\t\t\t<div class=\"elementor-spacer-inner\"><\/div>\n\t\t<\/div>\n\t\t\t\t<\/div>\n\t\t\t\t<\/div>\n\t\t\t\t<div class=\"elementor-element elementor-element-87066a7 elementor-skin-carousel elementor-arrows-yes sc_fly_static elementor-widget elementor-widget-media-carousel\" data-id=\"87066a7\" data-element_type=\"widget\" data-settings=\"{&quot;slides_per_view&quot;:&quot;3&quot;,&quot;motion_fx_motion_fx_scrolling&quot;:&quot;yes&quot;,&quot;motion_fx_translateY_effect&quot;:&quot;yes&quot;,&quot;speed&quot;:300,&quot;autoplay_speed&quot;:2000,&quot;skin&quot;:&quot;carousel&quot;,&quot;effect&quot;:&quot;slide&quot;,&quot;show_arrows&quot;:&quot;yes&quot;,&quot;autoplay&quot;:&quot;yes&quot;,&quot;loop&quot;:&quot;yes&quot;,&quot;pause_on_hover&quot;:&quot;yes&quot;,&quot;pause_on_interaction&quot;:&quot;yes&quot;,&quot;space_between&quot;:{&quot;unit&quot;:&quot;px&quot;,&quot;size&quot;:10,&quot;sizes&quot;:[]},&quot;space_between_tablet&quot;:{&quot;unit&quot;:&quot;px&quot;,&quot;size&quot;:10,&quot;sizes&quot;:[]},&quot;space_between_mobile&quot;:{&quot;unit&quot;:&quot;px&quot;,&quot;size&quot;:10,&quot;sizes&quot;:[]},&quot;motion_fx_translateY_speed&quot;:{&quot;unit&quot;:&quot;px&quot;,&quot;size&quot;:4,&quot;sizes&quot;:[]},&quot;motion_fx_translateY_affectedRange&quot;:{&quot;unit&quot;:&quot;%&quot;,&quot;size&quot;:&quot;&quot;,&quot;sizes&quot;:{&quot;start&quot;:0,&quot;end&quot;:100}},&quot;motion_fx_devices&quot;:[&quot;desktop&quot;,&quot;tablet&quot;,&quot;mobile&quot;]}\" data-widget_type=\"media-carousel.default\">\n\t\t\t\t<div class=\"elementor-widget-container\">\n\t\t\t\t\t<div class=\"elementor-swiper\">\n\t\t\t<div class=\"elementor-main-swiper swiper-container\">\n\t\t\t\t<div class=\"swiper-wrapper\">\n\t\t\t\t\t\t\t\t\t\t\t<div class=\"swiper-slide\">\n\t\t\t\t\t\t\t\t\t<div class=\"elementor-carousel-image\" role=\"img\" aria-label=\"25092021-DSC04394 copie\" style=\"background-image: url(&#039;https:\/\/designmarket.be\/wp-content\/uploads\/2021\/11\/25092021-DSC04394-copie.jpg&#039;)\">\n\n\t\t\t\n\t\t\t\t\t<\/div>\n\t\t\t\t\t\t\t\t<\/div>\n\t\t\t\t\t\t\t\t\t\t\t<div class=\"swiper-slide\">\n\t\t\t\t\t\t\t\t\t<div class=\"elementor-carousel-image\" role=\"img\" aria-label=\"DSC_0143\" style=\"background-image: url(&#039;https:\/\/designmarket.be\/wp-content\/uploads\/2021\/03\/DSC_0143.jpg&#039;)\">\n\n\t\t\t\n\t\t\t\t\t<\/div>\n\t\t\t\t\t\t\t\t<\/div>\n\t\t\t\t\t\t\t\t\t\t\t<div class=\"swiper-slide\">\n\t\t\t\t\t\t\t\t\t<div class=\"elementor-carousel-image\" role=\"img\" aria-label=\"\" style=\"background-image: url(&#039;https:\/\/designmarket.be\/wp-content\/uploads\/2021\/11\/unnamed-file.jpg&#039;)\">\n\n\t\t\t\n\t\t\t\t\t<\/div>\n\t\t\t\t\t\t\t\t<\/div>\n\t\t\t\t\t\t\t\t\t\t\t<div class=\"swiper-slide\">\n\t\t\t\t\t\t\t\t\t<div class=\"elementor-carousel-image\" role=\"img\" aria-label=\"visitors5\" style=\"background-image: url(&#039;https:\/\/designmarket.be\/wp-content\/uploads\/2021\/11\/visitors5.jpg&#039;)\">\n\n\t\t\t\n\t\t\t\t\t<\/div>\n\t\t\t\t\t\t\t\t<\/div>\n\t\t\t\t\t\t\t\t\t\t\t<div class=\"swiper-slide\">\n\t\t\t\t\t\t\t\t\t<div class=\"elementor-carousel-image\" role=\"img\" aria-label=\"25092021-DSC04006\" style=\"background-image: url(&#039;https:\/\/designmarket.be\/wp-content\/uploads\/2021\/10\/25092021-DSC04006.jpg&#039;)\">\n\n\t\t\t\n\t\t\t\t\t<\/div>\n\t\t\t\t\t\t\t\t<\/div>\n\t\t\t\t\t\t\t\t\t\t\t<div class=\"swiper-slide\">\n\t\t\t\t\t\t\t\t\t<div class=\"elementor-carousel-image\" role=\"img\" aria-label=\"slider home_1\" style=\"background-image: url(&#039;https:\/\/designmarket.be\/wp-content\/uploads\/2021\/10\/slider-home_1.jpg&#039;)\">\n\n\t\t\t\n\t\t\t\t\t<\/div>\n\t\t\t\t\t\t\t\t<\/div>\n\t\t\t\t\t\t\t\t\t<\/div>\n\t\t\t\t\t\t\t\t\t\t\t\t\t\t\t\t\t\t\t\t<div class=\"elementor-swiper-button elementor-swiper-button-prev\" role=\"button\" tabindex=\"0\">\n\t\t\t\t\t\t\t<i aria-hidden=\"true\" class=\"eicon-chevron-left\"><\/i>\t\t\t\t\t\t\t<span class=\"elementor-screen-only\">Previous<\/span>\n\t\t\t\t\t\t<\/div>\n\t\t\t\t\t\t<div class=\"elementor-swiper-button elementor-swiper-button-next\" role=\"button\" tabindex=\"0\">\n\t\t\t\t\t\t\t<i aria-hidden=\"true\" class=\"eicon-chevron-right\"><\/i>\t\t\t\t\t\t\t<span class=\"elementor-screen-only\">Next<\/span>\n\t\t\t\t\t\t<\/div>\n\t\t\t\t\t\t\t\t\t\t\t\t<\/div>\n\t\t<\/div>\n\t\t\t\t<\/div>\n\t\t\t\t<\/div>\n\t\t\t\t<div class=\"elementor-element elementor-element-87b9621 sc_fly_static elementor-widget elementor-widget-spacer\" data-id=\"87b9621\" data-element_type=\"widget\" data-widget_type=\"spacer.default\">\n\t\t\t\t<div class=\"elementor-widget-container\">\n\t\t\t\t\t<div class=\"elementor-spacer\">\n\t\t\t<div class=\"elementor-spacer-inner\"><\/div>\n\t\t<\/div>\n\t\t\t\t<\/div>\n\t\t\t\t<\/div>\n\t\t\t\t<div class=\"elementor-element elementor-element-16dccbc sc_fly_static elementor-widget elementor-widget-spacer\" data-id=\"16dccbc\" data-element_type=\"widget\" data-widget_type=\"spacer.default\">\n\t\t\t\t<div class=\"elementor-widget-container\">\n\t\t\t\t\t<div class=\"elementor-spacer\">\n\t\t\t<div class=\"elementor-spacer-inner\"><\/div>\n\t\t<\/div>\n\t\t\t\t<\/div>\n\t\t\t\t<\/div>\n\t\t\t\t<div class=\"elementor-element elementor-element-061823f animation_type_block sc_fly_static elementor-invisible elementor-widget elementor-widget-trx_sc_title\" data-id=\"061823f\" data-element_type=\"widget\" data-settings=\"{&quot;_animation&quot;:&quot;fadeIn&quot;}\" data-widget_type=\"trx_sc_title.default\">\n\t\t\t\t<div class=\"elementor-widget-container\">\n\t\t\t<div\t\tclass=\"sc_title sc_title_default\"><h2 class=\"sc_item_title sc_title_title sc_item_title_style_default\"\n\t\t\t><span class=\"sc_item_title_text\">Donn\u00e9es &amp; chiffres r\u00e9cents<\/span><\/h2><div class=\"sc_item_descr sc_title_descr\"><p>In November 2025, Brussels Design Market gathered more than 170 international dealers who exhibited a selection of high quality design for the delight of vintage enthusiasts and professionals alike. <\/p>\n<p>Despite the current economic situation, the last edition has reached a significant attendance with more than 10.000 visitors.<\/p>\n<p>On Instagram, the number of followers jumped to 120K followers! <\/p>\n<p>This success not only reflects the strong appeal of vintage design but also bodes well for an excellent next edition which will take place on March 21 & 22, 2026 in the unique setting of the renovated Tour&Taxis ferry terminal.<\/p>\n<\/div><\/div>\t\t<\/div>\n\t\t\t\t<\/div>\n\t\t\t\t<div class=\"elementor-element elementor-element-d645b07 sc_fly_static elementor-widget elementor-widget-image\" data-id=\"d645b07\" data-element_type=\"widget\" data-widget_type=\"image.default\">\n\t\t\t\t<div class=\"elementor-widget-container\">\n\t\t\t\t\t\t\t\t\t\t\t\t\t\t\t<img decoding=\"async\" width=\"1200\" height=\"456\" src=\"https:\/\/designmarket.be\/wp-content\/uploads\/2021\/10\/about2.jpg\" class=\"attachment-full size-full wp-image-6081\" alt=\"\" srcset=\"https:\/\/designmarket.be\/wp-content\/uploads\/2021\/10\/about2.jpg 1200w, https:\/\/designmarket.be\/wp-content\/uploads\/2021\/10\/about2-300x114.jpg 300w, https:\/\/designmarket.be\/wp-content\/uploads\/2021\/10\/about2-1024x389.jpg 1024w, https:\/\/designmarket.be\/wp-content\/uploads\/2021\/10\/about2-768x292.jpg 768w, https:\/\/designmarket.be\/wp-content\/uploads\/2021\/10\/about2-18x7.jpg 18w, https:\/\/designmarket.be\/wp-content\/uploads\/2021\/10\/about2-370x141.jpg 370w, https:\/\/designmarket.be\/wp-content\/uploads\/2021\/10\/about2-760x289.jpg 760w\" sizes=\"(max-width: 1200px) 100vw, 1200px\" \/>\t\t\t\t\t\t\t\t\t\t\t\t\t\t\t<\/div>\n\t\t\t\t<\/div>\n\t\t\t\t\t<\/div>\n\t\t<\/div>\n\t\t\t\t\t\t\t<\/div>\n\t\t<\/section>\n\t\t\t\t<section class=\"elementor-section elementor-top-section elementor-element elementor-element-b6d7955 elementor-section-stretched elementor-section-boxed elementor-section-height-default elementor-section-height-default sc_fly_static\" data-id=\"b6d7955\" data-element_type=\"section\" data-settings=\"{&quot;stretch_section&quot;:&quot;section-stretched&quot;,&quot;background_background&quot;:&quot;classic&quot;}\">\n\t\t\t\t\t\t<div class=\"elementor-container elementor-column-gap-extended\">\n\t\t\t\t\t<div class=\"elementor-column elementor-col-100 elementor-top-column elementor-element elementor-element-b09ba08 sc_inner_width_none sc_content_align_inherit sc_layouts_column_icons_position_left sc_fly_static\" data-id=\"b09ba08\" data-element_type=\"column\" data-settings=\"{&quot;background_background&quot;:&quot;classic&quot;}\">\n\t\t\t<div class=\"elementor-widget-wrap elementor-element-populated\">\n\t\t\t\t\t\t\t\t<div class=\"elementor-element elementor-element-26a3a61 sc_height_huge sc_fly_static elementor-widget elementor-widget-spacer\" data-id=\"26a3a61\" data-element_type=\"widget\" data-widget_type=\"spacer.default\">\n\t\t\t\t<div class=\"elementor-widget-container\">\n\t\t\t\t\t<div class=\"elementor-spacer\">\n\t\t\t<div class=\"elementor-spacer-inner\"><\/div>\n\t\t<\/div>\n\t\t\t\t<\/div>\n\t\t\t\t<\/div>\n\t\t\t\t\t<\/div>\n\t\t<\/div>\n\t\t\t\t\t\t\t<\/div>\n\t\t<\/section>\n\t\t\t\t\t\t\t<\/div>","protected":false},"excerpt":{"rendered":"<p>170 vintage dealers Since its creation, Brussels Design Market has evolved into the largest design market in Europe. It has now become an essential part of the international vintage design&hellip;<\/p>","protected":false},"author":1,"featured_media":0,"parent":0,"menu_order":0,"comment_status":"closed","ping_status":"closed","template":"","meta":{"_price":"","_stock":"","_tribe_ticket_header":"","_tribe_default_ticket_provider":"","_tribe_ticket_capacity":"0","_ticket_start_date":"","_ticket_end_date":"","_tribe_ticket_show_description":"","_tribe_ticket_show_not_going":false,"_tribe_ticket_use_global_stock":"","_tribe_ticket_global_stock_level":"","_global_stock_mode":"","_global_stock_cap":"","_tribe_rsvp_for_event":"","_tribe_ticket_going_count":"","_tribe_ticket_not_going_count":"","_tribe_tickets_list":[],"_tribe_ticket_has_attendee_info_fields":false,"footnotes":""},"yoast_head":"<!-- This site is optimized with the Yoast SEO plugin v21.8 - https:\/\/yoast.com\/wordpress\/plugins\/seo\/ -->\n<title>About us - Brussels Design Market<\/title>\n<meta name=\"robots\" content=\"index, follow, max-snippet:-1, max-image-preview:large, max-video-preview:-1\" \/>\n<link rel=\"canonical\" href=\"https:\/\/designmarket.be\/fr\/contact-2\/\" \/>\n<meta property=\"og:locale\" content=\"fr_FR\" \/>\n<meta property=\"og:type\" content=\"article\" \/>\n<meta property=\"og:title\" content=\"About us - Brussels Design Market\" \/>\n<meta property=\"og:description\" content=\"170 vintage dealers Since its creation, Brussels Design Market has evolved into the largest design market in Europe. It has now become an essential part of the international vintage design&hellip;\" \/>\n<meta property=\"og:url\" content=\"https:\/\/designmarket.be\/fr\/contact-2\/\" \/>\n<meta property=\"og:site_name\" content=\"Brussels Design Market\" \/>\n<meta property=\"article:publisher\" content=\"https:\/\/www.facebook.com\/BrusselDesignMarket\" \/>\n<meta property=\"article:modified_time\" content=\"2026-01-27T10:41:43+00:00\" \/>\n<meta property=\"og:image\" content=\"https:\/\/designmarket.be\/wp-content\/uploads\/2022\/08\/1-3-1024x512.png\" \/>\n<meta name=\"twitter:card\" content=\"summary_large_image\" \/>\n<meta name=\"twitter:label1\" content=\"Dur\u00e9e de lecture est.\" \/>\n\t<meta name=\"twitter:data1\" content=\"2 minutes\" \/>\n<script type=\"application\/ld+json\" class=\"yoast-schema-graph\">{\"@context\":\"https:\/\/schema.org\",\"@graph\":[{\"@type\":\"WebPage\",\"@id\":\"https:\/\/designmarket.be\/contact-2\/\",\"url\":\"https:\/\/designmarket.be\/contact-2\/\",\"name\":\"About us - Brussels Design Market\",\"isPartOf\":{\"@id\":\"https:\/\/designmarket.be\/#website\"},\"datePublished\":\"2021-10-29T08:19:30+00:00\",\"dateModified\":\"2026-01-27T10:41:43+00:00\",\"breadcrumb\":{\"@id\":\"https:\/\/designmarket.be\/contact-2\/#breadcrumb\"},\"inLanguage\":\"fr-BE\",\"potentialAction\":[{\"@type\":\"ReadAction\",\"target\":[\"https:\/\/designmarket.be\/contact-2\/\"]}]},{\"@type\":\"BreadcrumbList\",\"@id\":\"https:\/\/designmarket.be\/contact-2\/#breadcrumb\",\"itemListElement\":[{\"@type\":\"ListItem\",\"position\":1,\"name\":\"Accueil\",\"item\":\"https:\/\/designmarket.be\/\"},{\"@type\":\"ListItem\",\"position\":2,\"name\":\"About us\"}]},{\"@type\":\"WebSite\",\"@id\":\"https:\/\/designmarket.be\/#website\",\"url\":\"https:\/\/designmarket.be\/\",\"name\":\"Brussels Design Market\",\"description\":\"Next edition : 21 &amp; 22 November 2026\",\"publisher\":{\"@id\":\"https:\/\/designmarket.be\/#organization\"},\"potentialAction\":[{\"@type\":\"SearchAction\",\"target\":{\"@type\":\"EntryPoint\",\"urlTemplate\":\"https:\/\/designmarket.be\/?s={search_term_string}\"},\"query-input\":\"required name=search_term_string\"}],\"inLanguage\":\"fr-BE\"},{\"@type\":\"Organization\",\"@id\":\"https:\/\/designmarket.be\/#organization\",\"name\":\"Design Market\",\"url\":\"https:\/\/designmarket.be\/\",\"logo\":{\"@type\":\"ImageObject\",\"inLanguage\":\"fr-BE\",\"@id\":\"https:\/\/designmarket.be\/#\/schema\/logo\/image\/\",\"url\":\"https:\/\/designmarket.be\/wp-content\/uploads\/2020\/11\/logo-default-black-e1607076753687.png\",\"contentUrl\":\"https:\/\/designmarket.be\/wp-content\/uploads\/2020\/11\/logo-default-black-e1607076753687.png\",\"width\":150,\"height\":85,\"caption\":\"Design Market\"},\"image\":{\"@id\":\"https:\/\/designmarket.be\/#\/schema\/logo\/image\/\"},\"sameAs\":[\"https:\/\/www.facebook.com\/BrusselDesignMarket\",\"https:\/\/www.instagram.com\/brusselsdesignmarket\/\",\"https:\/\/www.pinterest.dk\/BrusselsDesignMarket\"]}]}<\/script>\n<!-- \/ Yoast SEO plugin. -->","yoast_head_json":{"title":"About us - Brussels Design Market","robots":{"index":"index","follow":"follow","max-snippet":"max-snippet:-1","max-image-preview":"max-image-preview:large","max-video-preview":"max-video-preview:-1"},"canonical":"https:\/\/designmarket.be\/fr\/contact-2\/","og_locale":"fr_FR","og_type":"article","og_title":"About us - Brussels Design Market","og_description":"170 vintage dealers Since its creation, Brussels Design Market has evolved into the largest design market in Europe. It has now become an essential part of the international vintage design&hellip;","og_url":"https:\/\/designmarket.be\/fr\/contact-2\/","og_site_name":"Brussels Design Market","article_publisher":"https:\/\/www.facebook.com\/BrusselDesignMarket","article_modified_time":"2026-01-27T10:41:43+00:00","og_image":[{"url":"https:\/\/designmarket.be\/wp-content\/uploads\/2022\/08\/1-3-1024x512.png"}],"twitter_card":"summary_large_image","twitter_misc":{"Dur\u00e9e de lecture est.":"2 minutes"},"schema":{"@context":"https:\/\/schema.org","@graph":[{"@type":"WebPage","@id":"https:\/\/designmarket.be\/contact-2\/","url":"https:\/\/designmarket.be\/contact-2\/","name":"About us - Brussels Design Market","isPartOf":{"@id":"https:\/\/designmarket.be\/#website"},"datePublished":"2021-10-29T08:19:30+00:00","dateModified":"2026-01-27T10:41:43+00:00","breadcrumb":{"@id":"https:\/\/designmarket.be\/contact-2\/#breadcrumb"},"inLanguage":"fr-BE","potentialAction":[{"@type":"ReadAction","target":["https:\/\/designmarket.be\/contact-2\/"]}]},{"@type":"BreadcrumbList","@id":"https:\/\/designmarket.be\/contact-2\/#breadcrumb","itemListElement":[{"@type":"ListItem","position":1,"name":"Accueil","item":"https:\/\/designmarket.be\/"},{"@type":"ListItem","position":2,"name":"About us"}]},{"@type":"WebSite","@id":"https:\/\/designmarket.be\/#website","url":"https:\/\/designmarket.be\/","name":"Brussels Design Market","description":"Next edition : 21 &amp; 22 November 2026","publisher":{"@id":"https:\/\/designmarket.be\/#organization"},"potentialAction":[{"@type":"SearchAction","target":{"@type":"EntryPoint","urlTemplate":"https:\/\/designmarket.be\/?s={search_term_string}"},"query-input":"required name=search_term_string"}],"inLanguage":"fr-BE"},{"@type":"Organization","@id":"https:\/\/designmarket.be\/#organization","name":"Design Market","url":"https:\/\/designmarket.be\/","logo":{"@type":"ImageObject","inLanguage":"fr-BE","@id":"https:\/\/designmarket.be\/#\/schema\/logo\/image\/","url":"https:\/\/designmarket.be\/wp-content\/uploads\/2020\/11\/logo-default-black-e1607076753687.png","contentUrl":"https:\/\/designmarket.be\/wp-content\/uploads\/2020\/11\/logo-default-black-e1607076753687.png","width":150,"height":85,"caption":"Design Market"},"image":{"@id":"https:\/\/designmarket.be\/#\/schema\/logo\/image\/"},"sameAs":["https:\/\/www.facebook.com\/BrusselDesignMarket","https:\/\/www.instagram.com\/brusselsdesignmarket\/","https:\/\/www.pinterest.dk\/BrusselsDesignMarket"]}]}},"_links":{"self":[{"href":"https:\/\/designmarket.be\/fr\/wp-json\/wp\/v2\/pages\/6041"}],"collection":[{"href":"https:\/\/designmarket.be\/fr\/wp-json\/wp\/v2\/pages"}],"about":[{"href":"https:\/\/designmarket.be\/fr\/wp-json\/wp\/v2\/types\/page"}],"author":[{"embeddable":true,"href":"https:\/\/designmarket.be\/fr\/wp-json\/wp\/v2\/users\/1"}],"replies":[{"embeddable":true,"href":"https:\/\/designmarket.be\/fr\/wp-json\/wp\/v2\/comments?post=6041"}],"version-history":[{"count":284,"href":"https:\/\/designmarket.be\/fr\/wp-json\/wp\/v2\/pages\/6041\/revisions"}],"predecessor-version":[{"id":11649,"href":"https:\/\/designmarket.be\/fr\/wp-json\/wp\/v2\/pages\/6041\/revisions\/11649"}],"wp:attachment":[{"href":"https:\/\/designmarket.be\/fr\/wp-json\/wp\/v2\/media?parent=6041"}],"curies":[{"name":"wp","href":"https:\/\/api.w.org\/{rel}","templated":true}]}}