{"id":7021,"date":"2022-03-30T12:20:25","date_gmt":"2022-03-30T10:20:25","guid":{"rendered":"https:\/\/designmarket.be\/?page_id=7021"},"modified":"2022-03-30T13:41:13","modified_gmt":"2022-03-30T11:41:13","slug":"mars-2019","status":"publish","type":"page","link":"https:\/\/designmarket.be\/fr\/mars-2019\/","title":{"rendered":"March 2019"},"content":{"rendered":"<figure class=\"wp-block-gallery alignfull columns-3 is-cropped wp-block-gallery-1 is-layout-flex wp-block-gallery-is-layout-flex\"><ul class=\"blocks-gallery-grid\"><li class=\"blocks-gallery-item\"><figure><a href=\"https:\/\/designmarket.be\/wp-content\/uploads\/2022\/03\/DSC_3094-min.jpg\"><img fetchpriority=\"high\" decoding=\"async\" width=\"801\" height=\"1200\" src=\"https:\/\/designmarket.be\/wp-content\/uploads\/2022\/03\/DSC_3094-min.jpg\" alt=\"\" data-id=\"7022\" data-full-url=\"https:\/\/designmarket.be\/wp-content\/uploads\/2022\/03\/DSC_3094-min.jpg\" data-link=\"https:\/\/designmarket.be\/?attachment_id=7022\" class=\"wp-image-7022\" srcset=\"https:\/\/designmarket.be\/wp-content\/uploads\/2022\/03\/DSC_3094-min.jpg 801w, https:\/\/designmarket.be\/wp-content\/uploads\/2022\/03\/DSC_3094-min-200x300.jpg 200w, https:\/\/designmarket.be\/wp-content\/uploads\/2022\/03\/DSC_3094-min-684x1024.jpg 684w, https:\/\/designmarket.be\/wp-content\/uploads\/2022\/03\/DSC_3094-min-768x1151.jpg 768w, https:\/\/designmarket.be\/wp-content\/uploads\/2022\/03\/DSC_3094-min-8x12.jpg 8w, https:\/\/designmarket.be\/wp-content\/uploads\/2022\/03\/DSC_3094-min-370x554.jpg 370w, https:\/\/designmarket.be\/wp-content\/uploads\/2022\/03\/DSC_3094-min-760x1139.jpg 760w\" sizes=\"(max-width: 801px) 100vw, 801px\" \/><\/a><\/figure><\/li><li class=\"blocks-gallery-item\"><figure><a href=\"https:\/\/designmarket.be\/wp-content\/uploads\/2022\/03\/DSC_3110-min.jpg\"><img decoding=\"async\" width=\"801\" height=\"1200\" src=\"https:\/\/designmarket.be\/wp-content\/uploads\/2022\/03\/DSC_3110-min.jpg\" alt=\"\" data-id=\"7023\" data-full-url=\"https:\/\/designmarket.be\/wp-content\/uploads\/2022\/03\/DSC_3110-min.jpg\" data-link=\"https:\/\/designmarket.be\/?attachment_id=7023\" class=\"wp-image-7023\" srcset=\"https:\/\/designmarket.be\/wp-content\/uploads\/2022\/03\/DSC_3110-min.jpg 801w, https:\/\/designmarket.be\/wp-content\/uploads\/2022\/03\/DSC_3110-min-200x300.jpg 200w, https:\/\/designmarket.be\/wp-content\/uploads\/2022\/03\/DSC_3110-min-684x1024.jpg 684w, https:\/\/designmarket.be\/wp-content\/uploads\/2022\/03\/DSC_3110-min-768x1151.jpg 768w, https:\/\/designmarket.be\/wp-content\/uploads\/2022\/03\/DSC_3110-min-8x12.jpg 8w, https:\/\/designmarket.be\/wp-content\/uploads\/2022\/03\/DSC_3110-min-370x554.jpg 370w, https:\/\/designmarket.be\/wp-content\/uploads\/2022\/03\/DSC_3110-min-760x1139.jpg 760w\" sizes=\"(max-width: 801px) 100vw, 801px\" \/><\/a><\/figure><\/li><li class=\"blocks-gallery-item\"><figure><a href=\"https:\/\/designmarket.be\/wp-content\/uploads\/2022\/03\/DSC_3295-min.jpg\"><img decoding=\"async\" width=\"801\" height=\"1200\" src=\"https:\/\/designmarket.be\/wp-content\/uploads\/2022\/03\/DSC_3295-min.jpg\" alt=\"\" data-id=\"7024\" data-full-url=\"https:\/\/designmarket.be\/wp-content\/uploads\/2022\/03\/DSC_3295-min.jpg\" data-link=\"https:\/\/designmarket.be\/?attachment_id=7024\" class=\"wp-image-7024\" srcset=\"https:\/\/designmarket.be\/wp-content\/uploads\/2022\/03\/DSC_3295-min.jpg 801w, https:\/\/designmarket.be\/wp-content\/uploads\/2022\/03\/DSC_3295-min-200x300.jpg 200w, https:\/\/designmarket.be\/wp-content\/uploads\/2022\/03\/DSC_3295-min-684x1024.jpg 684w, https:\/\/designmarket.be\/wp-content\/uploads\/2022\/03\/DSC_3295-min-768x1151.jpg 768w, https:\/\/designmarket.be\/wp-content\/uploads\/2022\/03\/DSC_3295-min-8x12.jpg 8w, https:\/\/designmarket.be\/wp-content\/uploads\/2022\/03\/DSC_3295-min-370x554.jpg 370w, https:\/\/designmarket.be\/wp-content\/uploads\/2022\/03\/DSC_3295-min-760x1139.jpg 760w\" sizes=\"(max-width: 801px) 100vw, 801px\" \/><\/a><\/figure><\/li><li class=\"blocks-gallery-item\"><figure><a href=\"https:\/\/designmarket.be\/wp-content\/uploads\/2022\/03\/marinevancampenhout-4-min.jpg\"><img loading=\"lazy\" decoding=\"async\" width=\"1200\" height=\"801\" src=\"https:\/\/designmarket.be\/wp-content\/uploads\/2022\/03\/marinevancampenhout-4-min.jpg\" alt=\"\" data-id=\"7025\" data-full-url=\"https:\/\/designmarket.be\/wp-content\/uploads\/2022\/03\/marinevancampenhout-4-min.jpg\" data-link=\"https:\/\/designmarket.be\/?attachment_id=7025\" class=\"wp-image-7025\" srcset=\"https:\/\/designmarket.be\/wp-content\/uploads\/2022\/03\/marinevancampenhout-4-min.jpg 1200w, https:\/\/designmarket.be\/wp-content\/uploads\/2022\/03\/marinevancampenhout-4-min-300x200.jpg 300w, https:\/\/designmarket.be\/wp-content\/uploads\/2022\/03\/marinevancampenhout-4-min-1024x684.jpg 1024w, https:\/\/designmarket.be\/wp-content\/uploads\/2022\/03\/marinevancampenhout-4-min-768x513.jpg 768w, https:\/\/designmarket.be\/wp-content\/uploads\/2022\/03\/marinevancampenhout-4-min-18x12.jpg 18w, https:\/\/designmarket.be\/wp-content\/uploads\/2022\/03\/marinevancampenhout-4-min-370x247.jpg 370w, https:\/\/designmarket.be\/wp-content\/uploads\/2022\/03\/marinevancampenhout-4-min-760x507.jpg 760w\" sizes=\"(max-width: 1200px) 100vw, 1200px\" \/><\/a><\/figure><\/li><li class=\"blocks-gallery-item\"><figure><a href=\"https:\/\/designmarket.be\/wp-content\/uploads\/2022\/03\/marinevancampenhout-11-min.jpg\"><img loading=\"lazy\" decoding=\"async\" width=\"801\" height=\"1200\" src=\"https:\/\/designmarket.be\/wp-content\/uploads\/2022\/03\/marinevancampenhout-11-min.jpg\" alt=\"\" data-id=\"7026\" data-full-url=\"https:\/\/designmarket.be\/wp-content\/uploads\/2022\/03\/marinevancampenhout-11-min.jpg\" data-link=\"https:\/\/designmarket.be\/?attachment_id=7026\" class=\"wp-image-7026\" srcset=\"https:\/\/designmarket.be\/wp-content\/uploads\/2022\/03\/marinevancampenhout-11-min.jpg 801w, https:\/\/designmarket.be\/wp-content\/uploads\/2022\/03\/marinevancampenhout-11-min-200x300.jpg 200w, https:\/\/designmarket.be\/wp-content\/uploads\/2022\/03\/marinevancampenhout-11-min-684x1024.jpg 684w, https:\/\/designmarket.be\/wp-content\/uploads\/2022\/03\/marinevancampenhout-11-min-768x1151.jpg 768w, https:\/\/designmarket.be\/wp-content\/uploads\/2022\/03\/marinevancampenhout-11-min-8x12.jpg 8w, https:\/\/designmarket.be\/wp-content\/uploads\/2022\/03\/marinevancampenhout-11-min-370x554.jpg 370w, https:\/\/designmarket.be\/wp-content\/uploads\/2022\/03\/marinevancampenhout-11-min-760x1139.jpg 760w\" sizes=\"(max-width: 801px) 100vw, 801px\" \/><\/a><\/figure><\/li><li class=\"blocks-gallery-item\"><figure><a href=\"https:\/\/designmarket.be\/wp-content\/uploads\/2022\/03\/marinevancampenhout-39-min.jpg\"><img loading=\"lazy\" decoding=\"async\" width=\"801\" height=\"1200\" src=\"https:\/\/designmarket.be\/wp-content\/uploads\/2022\/03\/marinevancampenhout-39-min.jpg\" alt=\"\" data-id=\"7027\" data-full-url=\"https:\/\/designmarket.be\/wp-content\/uploads\/2022\/03\/marinevancampenhout-39-min.jpg\" data-link=\"https:\/\/designmarket.be\/?attachment_id=7027\" class=\"wp-image-7027\" srcset=\"https:\/\/designmarket.be\/wp-content\/uploads\/2022\/03\/marinevancampenhout-39-min.jpg 801w, https:\/\/designmarket.be\/wp-content\/uploads\/2022\/03\/marinevancampenhout-39-min-200x300.jpg 200w, https:\/\/designmarket.be\/wp-content\/uploads\/2022\/03\/marinevancampenhout-39-min-684x1024.jpg 684w, https:\/\/designmarket.be\/wp-content\/uploads\/2022\/03\/marinevancampenhout-39-min-768x1151.jpg 768w, https:\/\/designmarket.be\/wp-content\/uploads\/2022\/03\/marinevancampenhout-39-min-8x12.jpg 8w, https:\/\/designmarket.be\/wp-content\/uploads\/2022\/03\/marinevancampenhout-39-min-370x554.jpg 370w, https:\/\/designmarket.be\/wp-content\/uploads\/2022\/03\/marinevancampenhout-39-min-760x1139.jpg 760w\" sizes=\"(max-width: 801px) 100vw, 801px\" \/><\/a><\/figure><\/li><li class=\"blocks-gallery-item\"><figure><a href=\"https:\/\/designmarket.be\/wp-content\/uploads\/2022\/03\/marinevancampenhout-41-min.jpg\"><img loading=\"lazy\" decoding=\"async\" width=\"801\" height=\"1200\" src=\"https:\/\/designmarket.be\/wp-content\/uploads\/2022\/03\/marinevancampenhout-41-min.jpg\" alt=\"\" data-id=\"7028\" data-full-url=\"https:\/\/designmarket.be\/wp-content\/uploads\/2022\/03\/marinevancampenhout-41-min.jpg\" data-link=\"https:\/\/designmarket.be\/?attachment_id=7028\" class=\"wp-image-7028\" srcset=\"https:\/\/designmarket.be\/wp-content\/uploads\/2022\/03\/marinevancampenhout-41-min.jpg 801w, https:\/\/designmarket.be\/wp-content\/uploads\/2022\/03\/marinevancampenhout-41-min-200x300.jpg 200w, https:\/\/designmarket.be\/wp-content\/uploads\/2022\/03\/marinevancampenhout-41-min-684x1024.jpg 684w, https:\/\/designmarket.be\/wp-content\/uploads\/2022\/03\/marinevancampenhout-41-min-768x1151.jpg 768w, https:\/\/designmarket.be\/wp-content\/uploads\/2022\/03\/marinevancampenhout-41-min-8x12.jpg 8w, https:\/\/designmarket.be\/wp-content\/uploads\/2022\/03\/marinevancampenhout-41-min-370x554.jpg 370w, https:\/\/designmarket.be\/wp-content\/uploads\/2022\/03\/marinevancampenhout-41-min-760x1139.jpg 760w\" sizes=\"(max-width: 801px) 100vw, 801px\" \/><\/a><\/figure><\/li><li class=\"blocks-gallery-item\"><figure><a href=\"https:\/\/designmarket.be\/wp-content\/uploads\/2022\/03\/marinevancampenhout-49-min.jpg\"><img loading=\"lazy\" decoding=\"async\" width=\"1200\" height=\"801\" src=\"https:\/\/designmarket.be\/wp-content\/uploads\/2022\/03\/marinevancampenhout-49-min.jpg\" alt=\"\" data-id=\"7030\" data-full-url=\"https:\/\/designmarket.be\/wp-content\/uploads\/2022\/03\/marinevancampenhout-49-min.jpg\" data-link=\"https:\/\/designmarket.be\/?attachment_id=7030\" class=\"wp-image-7030\" srcset=\"https:\/\/designmarket.be\/wp-content\/uploads\/2022\/03\/marinevancampenhout-49-min.jpg 1200w, https:\/\/designmarket.be\/wp-content\/uploads\/2022\/03\/marinevancampenhout-49-min-300x200.jpg 300w, https:\/\/designmarket.be\/wp-content\/uploads\/2022\/03\/marinevancampenhout-49-min-1024x684.jpg 1024w, https:\/\/designmarket.be\/wp-content\/uploads\/2022\/03\/marinevancampenhout-49-min-768x513.jpg 768w, https:\/\/designmarket.be\/wp-content\/uploads\/2022\/03\/marinevancampenhout-49-min-18x12.jpg 18w, https:\/\/designmarket.be\/wp-content\/uploads\/2022\/03\/marinevancampenhout-49-min-370x247.jpg 370w, https:\/\/designmarket.be\/wp-content\/uploads\/2022\/03\/marinevancampenhout-49-min-760x507.jpg 760w\" sizes=\"(max-width: 1200px) 100vw, 1200px\" \/><\/a><\/figure><\/li><li class=\"blocks-gallery-item\"><figure><a href=\"https:\/\/designmarket.be\/wp-content\/uploads\/2022\/03\/marinevancampenhout-44-min.jpg\"><img loading=\"lazy\" decoding=\"async\" width=\"801\" height=\"1200\" src=\"https:\/\/designmarket.be\/wp-content\/uploads\/2022\/03\/marinevancampenhout-44-min.jpg\" alt=\"\" data-id=\"7029\" data-full-url=\"https:\/\/designmarket.be\/wp-content\/uploads\/2022\/03\/marinevancampenhout-44-min.jpg\" data-link=\"https:\/\/designmarket.be\/?attachment_id=7029\" class=\"wp-image-7029\" srcset=\"https:\/\/designmarket.be\/wp-content\/uploads\/2022\/03\/marinevancampenhout-44-min.jpg 801w, https:\/\/designmarket.be\/wp-content\/uploads\/2022\/03\/marinevancampenhout-44-min-200x300.jpg 200w, https:\/\/designmarket.be\/wp-content\/uploads\/2022\/03\/marinevancampenhout-44-min-684x1024.jpg 684w, https:\/\/designmarket.be\/wp-content\/uploads\/2022\/03\/marinevancampenhout-44-min-768x1151.jpg 768w, https:\/\/designmarket.be\/wp-content\/uploads\/2022\/03\/marinevancampenhout-44-min-8x12.jpg 8w, https:\/\/designmarket.be\/wp-content\/uploads\/2022\/03\/marinevancampenhout-44-min-370x554.jpg 370w, https:\/\/designmarket.be\/wp-content\/uploads\/2022\/03\/marinevancampenhout-44-min-760x1139.jpg 760w\" sizes=\"(max-width: 801px) 100vw, 801px\" \/><\/a><\/figure><\/li><\/ul><figcaption class=\"blocks-gallery-caption\"><span class=\"has-inline-color has-text-hover-color\"><strong>BRUSSELS DESIGN MARKET<br><\/strong><\/span>23 + 24 march 2019<\/figcaption><\/figure>\n\n\n\n<p class=\"has-text-align-center\">Malgr\u00e9 tous nos efforts, il n'a pas \u00e9t\u00e9 possible d'identifier tous les ayants droit des photographies publi\u00e9es sur notre site afin d'obtenir leur autorisation pour la reproduction num\u00e9rique de leurs \u0153uvres. Si vous \u00eates l'un d'entre eux, veuillez nous contacter \u00e0 l'adresse suivante, en mentionnant l'image concern\u00e9e.<\/p>\n\n\n\n<p class=\"has-text-align-center\"><a href=\"mailto:info@designmarket.com\" target=\"_blank\" rel=\"noreferrer noopener\">info@designmarket.com<\/a><\/p>","protected":false},"excerpt":{"rendered":"<p>Despite our best efforts, it has not been possible to identify all the rights holders of the pictures published on our site in order to obtain their permission for the&hellip;<\/p>","protected":false},"author":1,"featured_media":0,"parent":0,"menu_order":0,"comment_status":"closed","ping_status":"closed","template":"","meta":{"_price":"","_stock":"","_tribe_ticket_header":"","_tribe_default_ticket_provider":"","_tribe_ticket_capacity":"0","_ticket_start_date":"","_ticket_end_date":"","_tribe_ticket_show_description":"","_tribe_ticket_show_not_going":false,"_tribe_ticket_use_global_stock":"","_tribe_ticket_global_stock_level":"","_global_stock_mode":"","_global_stock_cap":"","_tribe_rsvp_for_event":"","_tribe_ticket_going_count":"","_tribe_ticket_not_going_count":"","_tribe_tickets_list":[],"_tribe_ticket_has_attendee_info_fields":false,"footnotes":""},"yoast_head":"<!-- This site is optimized with the Yoast SEO plugin v21.8 - https:\/\/yoast.com\/wordpress\/plugins\/seo\/ -->\n<title>March 2019 - Brussels Design Market<\/title>\n<meta name=\"robots\" content=\"index, follow, max-snippet:-1, max-image-preview:large, max-video-preview:-1\" \/>\n<link rel=\"canonical\" href=\"https:\/\/designmarket.be\/fr\/mars-2019\/\" \/>\n<meta property=\"og:locale\" content=\"fr_FR\" \/>\n<meta property=\"og:type\" content=\"article\" \/>\n<meta property=\"og:title\" content=\"March 2019 - Brussels Design Market\" \/>\n<meta property=\"og:description\" content=\"Despite our best efforts, it has not been possible to identify all the rights holders of the pictures published on our site in order to obtain their permission for the&hellip;\" \/>\n<meta property=\"og:url\" content=\"https:\/\/designmarket.be\/fr\/mars-2019\/\" \/>\n<meta property=\"og:site_name\" content=\"Brussels Design Market\" \/>\n<meta property=\"article:publisher\" content=\"https:\/\/www.facebook.com\/BrusselDesignMarket\" \/>\n<meta property=\"article:modified_time\" content=\"2022-03-30T11:41:13+00:00\" \/>\n<meta property=\"og:image\" content=\"https:\/\/designmarket.be\/wp-content\/uploads\/2022\/03\/DSC_3094-min.jpg\" \/>\n<meta name=\"twitter:card\" content=\"summary_large_image\" \/>\n<meta name=\"twitter:label1\" content=\"Dur\u00e9e de lecture est.\" \/>\n\t<meta name=\"twitter:data1\" content=\"3 minutes\" \/>\n<script type=\"application\/ld+json\" class=\"yoast-schema-graph\">{\"@context\":\"https:\/\/schema.org\",\"@graph\":[{\"@type\":\"WebPage\",\"@id\":\"https:\/\/designmarket.be\/mars-2019\/\",\"url\":\"https:\/\/designmarket.be\/mars-2019\/\",\"name\":\"March 2019 - Brussels Design Market\",\"isPartOf\":{\"@id\":\"https:\/\/designmarket.be\/#website\"},\"datePublished\":\"2022-03-30T10:20:25+00:00\",\"dateModified\":\"2022-03-30T11:41:13+00:00\",\"breadcrumb\":{\"@id\":\"https:\/\/designmarket.be\/mars-2019\/#breadcrumb\"},\"inLanguage\":\"fr-BE\",\"potentialAction\":[{\"@type\":\"ReadAction\",\"target\":[\"https:\/\/designmarket.be\/mars-2019\/\"]}]},{\"@type\":\"BreadcrumbList\",\"@id\":\"https:\/\/designmarket.be\/mars-2019\/#breadcrumb\",\"itemListElement\":[{\"@type\":\"ListItem\",\"position\":1,\"name\":\"Accueil\",\"item\":\"https:\/\/designmarket.be\/\"},{\"@type\":\"ListItem\",\"position\":2,\"name\":\"March 2019\"}]},{\"@type\":\"WebSite\",\"@id\":\"https:\/\/designmarket.be\/#website\",\"url\":\"https:\/\/designmarket.be\/\",\"name\":\"Brussels Design Market\",\"description\":\"Next edition : 21 &amp; 22 November 2026\",\"publisher\":{\"@id\":\"https:\/\/designmarket.be\/#organization\"},\"potentialAction\":[{\"@type\":\"SearchAction\",\"target\":{\"@type\":\"EntryPoint\",\"urlTemplate\":\"https:\/\/designmarket.be\/?s={search_term_string}\"},\"query-input\":\"required name=search_term_string\"}],\"inLanguage\":\"fr-BE\"},{\"@type\":\"Organization\",\"@id\":\"https:\/\/designmarket.be\/#organization\",\"name\":\"Design Market\",\"url\":\"https:\/\/designmarket.be\/\",\"logo\":{\"@type\":\"ImageObject\",\"inLanguage\":\"fr-BE\",\"@id\":\"https:\/\/designmarket.be\/#\/schema\/logo\/image\/\",\"url\":\"https:\/\/designmarket.be\/wp-content\/uploads\/2020\/11\/logo-default-black-e1607076753687.png\",\"contentUrl\":\"https:\/\/designmarket.be\/wp-content\/uploads\/2020\/11\/logo-default-black-e1607076753687.png\",\"width\":150,\"height\":85,\"caption\":\"Design Market\"},\"image\":{\"@id\":\"https:\/\/designmarket.be\/#\/schema\/logo\/image\/\"},\"sameAs\":[\"https:\/\/www.facebook.com\/BrusselDesignMarket\",\"https:\/\/www.instagram.com\/brusselsdesignmarket\/\",\"https:\/\/www.pinterest.dk\/BrusselsDesignMarket\"]}]}<\/script>\n<!-- \/ Yoast SEO plugin. -->","yoast_head_json":{"title":"March 2019 - Brussels Design Market","robots":{"index":"index","follow":"follow","max-snippet":"max-snippet:-1","max-image-preview":"max-image-preview:large","max-video-preview":"max-video-preview:-1"},"canonical":"https:\/\/designmarket.be\/fr\/mars-2019\/","og_locale":"fr_FR","og_type":"article","og_title":"March 2019 - Brussels Design Market","og_description":"Despite our best efforts, it has not been possible to identify all the rights holders of the pictures published on our site in order to obtain their permission for the&hellip;","og_url":"https:\/\/designmarket.be\/fr\/mars-2019\/","og_site_name":"Brussels Design Market","article_publisher":"https:\/\/www.facebook.com\/BrusselDesignMarket","article_modified_time":"2022-03-30T11:41:13+00:00","og_image":[{"url":"https:\/\/designmarket.be\/wp-content\/uploads\/2022\/03\/DSC_3094-min.jpg"}],"twitter_card":"summary_large_image","twitter_misc":{"Dur\u00e9e de lecture est.":"3 minutes"},"schema":{"@context":"https:\/\/schema.org","@graph":[{"@type":"WebPage","@id":"https:\/\/designmarket.be\/mars-2019\/","url":"https:\/\/designmarket.be\/mars-2019\/","name":"March 2019 - Brussels Design Market","isPartOf":{"@id":"https:\/\/designmarket.be\/#website"},"datePublished":"2022-03-30T10:20:25+00:00","dateModified":"2022-03-30T11:41:13+00:00","breadcrumb":{"@id":"https:\/\/designmarket.be\/mars-2019\/#breadcrumb"},"inLanguage":"fr-BE","potentialAction":[{"@type":"ReadAction","target":["https:\/\/designmarket.be\/mars-2019\/"]}]},{"@type":"BreadcrumbList","@id":"https:\/\/designmarket.be\/mars-2019\/#breadcrumb","itemListElement":[{"@type":"ListItem","position":1,"name":"Accueil","item":"https:\/\/designmarket.be\/"},{"@type":"ListItem","position":2,"name":"March 2019"}]},{"@type":"WebSite","@id":"https:\/\/designmarket.be\/#website","url":"https:\/\/designmarket.be\/","name":"Brussels Design Market","description":"Next edition : 21 &amp; 22 November 2026","publisher":{"@id":"https:\/\/designmarket.be\/#organization"},"potentialAction":[{"@type":"SearchAction","target":{"@type":"EntryPoint","urlTemplate":"https:\/\/designmarket.be\/?s={search_term_string}"},"query-input":"required name=search_term_string"}],"inLanguage":"fr-BE"},{"@type":"Organization","@id":"https:\/\/designmarket.be\/#organization","name":"Design Market","url":"https:\/\/designmarket.be\/","logo":{"@type":"ImageObject","inLanguage":"fr-BE","@id":"https:\/\/designmarket.be\/#\/schema\/logo\/image\/","url":"https:\/\/designmarket.be\/wp-content\/uploads\/2020\/11\/logo-default-black-e1607076753687.png","contentUrl":"https:\/\/designmarket.be\/wp-content\/uploads\/2020\/11\/logo-default-black-e1607076753687.png","width":150,"height":85,"caption":"Design Market"},"image":{"@id":"https:\/\/designmarket.be\/#\/schema\/logo\/image\/"},"sameAs":["https:\/\/www.facebook.com\/BrusselDesignMarket","https:\/\/www.instagram.com\/brusselsdesignmarket\/","https:\/\/www.pinterest.dk\/BrusselsDesignMarket"]}]}},"_links":{"self":[{"href":"https:\/\/designmarket.be\/fr\/wp-json\/wp\/v2\/pages\/7021"}],"collection":[{"href":"https:\/\/designmarket.be\/fr\/wp-json\/wp\/v2\/pages"}],"about":[{"href":"https:\/\/designmarket.be\/fr\/wp-json\/wp\/v2\/types\/page"}],"author":[{"embeddable":true,"href":"https:\/\/designmarket.be\/fr\/wp-json\/wp\/v2\/users\/1"}],"replies":[{"embeddable":true,"href":"https:\/\/designmarket.be\/fr\/wp-json\/wp\/v2\/comments?post=7021"}],"version-history":[{"count":5,"href":"https:\/\/designmarket.be\/fr\/wp-json\/wp\/v2\/pages\/7021\/revisions"}],"predecessor-version":[{"id":7039,"href":"https:\/\/designmarket.be\/fr\/wp-json\/wp\/v2\/pages\/7021\/revisions\/7039"}],"wp:attachment":[{"href":"https:\/\/designmarket.be\/fr\/wp-json\/wp\/v2\/media?parent=7021"}],"curies":[{"name":"wp","href":"https:\/\/api.w.org\/{rel}","templated":true}]}}