{"id":4516,"date":"2021-02-16T17:25:45","date_gmt":"2021-02-16T16:25:45","guid":{"rendered":"https:\/\/designmarket.be\/?page_id=4516"},"modified":"2026-03-25T15:26:51","modified_gmt":"2026-03-25T14:26:51","slug":"faq","status":"publish","type":"page","link":"https:\/\/designmarket.be\/nl\/faq\/","title":{"rendered":"FAQ"},"content":{"rendered":"<h2\n\t\t\t>FAQ<\/h2>\n<p>Alles wat je moet weten om je bezoek aan de Brussels Design Market voor te bereiden.<\/p>\n<p>\t\t\t\t\t\t\t\t\t\t\t\t<a tabindex=\"0\">Wat is de datum van de volgende editie van de Brussels Design Market ?<\/a><\/p>\n<p>De volgende editie van de Brussels Design Market vindt plaats op 21 en 22 november 2026<\/p>\n<p>\t\t\t\t\t\t\t\t\t\t\t\t<a tabindex=\"0\">Wat zijn de openingstijden?<\/a><\/p>\n<p>Het BDM is geopend van 12.00 tot 18.00 uur op zaterdag en van 9.00 tot 17.00 uur op zondag. De preview vindt plaats op zaterdagochtend van 9.00 tot 12.00 uur.<\/p>\n<p>\t\t\t\t\t\t\t\t\t\t\t\t<a tabindex=\"0\">Wat is het adres?<\/a><\/p>\n<p>De BDM vindt plaats bij Tour en Taxis in het Maritiem Station. Picardstraat 7, 9 et 11, 1000 - Brussel, Belgi\u00eb<\/p>\n<p>\t\t\t\t\t\t\t\t\t\t\t\t<a tabindex=\"0\">Hoe kan ik mijn tickets online kopen?<\/a><\/p>\n<p class=\" translation-block\">U kunt uw  <a href=\"https:\/\/brusselsdesignmarket.tickoweb.be\/tracker?tracker_code=687FER\" target=\"_self\">tickets <span style=\"text-decoration: underline\">hier kopen<\/p>\n<p>U moet deze stappen volgen:<\/p>\n<ul>\n<li><strong>Kies datum<\/strong>\u00a0<strong>&amp; tickets<\/strong> waar je in ge\u00efnteresseerd bent.<\/li>\n<li>Kies de <strong>aantal tickets<\/strong> die u wilt kopen.<\/li>\n<li><strong>Controleer uw bestelling<\/strong> en klik op \"volgende\".<\/li>\n<li>Vul de verplichte velden in . Controleer dat<strong>\u00a0uw emailadres<\/strong> juist en volledig is. Klik op \"volgende\".\u00a0<\/li>\n<li class=\" translation-block\">Controleer en <strong>bevestig uw bestelling<\/strong>.<\/li>\n<li class=\" translation-block\">Kies een <strong>betaalmethode<\/strong> uit de beschikbare opties. Volg de instructies op het scherm - deze kunnen verschillen afhankelijk van uw bank.<\/li>\n<li>Er wordt een bevestigingsmail gestuurd naar het adres dat in uw profiel staat. E-tickets worden ook per e-mail verzonden.<\/li>\n<\/ul>\n<p>Hulp nodig bij uw bestelling? Neem contact met ons op via e-mail :\u00a0<a href=\"mailto:clara@designmarket.be\">info@designmarket.be<\/a> or call us: +32 (0)475 75 38 79<\/p>\n<p>\t\t\t\t\t\t\t\t\t\t\t\t<a tabindex=\"0\">Hoeveel kost het toegangskaartje?<\/a><\/p>\n<p>Voorvertoning en weekendpas: 30 \u20ac \u2014 Ticket voor zaterdagmiddag: 20 \u20ac \u2014 Ticket voor zondag: 10 \u20ac 's ochtends en 15 \u20ac 's middags<\/p>\n<p>Ga naar de <a href=\"https:\/\/entrytickets.be\/design-market-brussels\/brussels-design-market-novembre-202?utm_source=web&amp;utm_medium=site&amp;utm_campaign=websitecampaign\">Tickets<\/a>\u00a0pagina op onze website om de prijzen en info van elk individueel toegangsticket te bekijken.<\/p>\n<p>\t\t\t\t\t\t\t\t\t\t\t\t<a tabindex=\"0\">Kan ik ter plaatse tickets kopen?<\/a><\/p>\n<p>Ja, maar we raden je sterk aan om je tickets online te kopen voor het evenement begint.<\/p>\n<p>\t\t\t\t\t\t\t\t\t\t\t\t<a tabindex=\"0\">Moet ik me inschrijven voor een tijdslot?<\/a><\/p>\n<p>Ja. Wanneer je online een standaardticket koopt, moet je een tijdslot voor je bezoek kiezen.<\/p>\n<p>\t\t\t\t\t\t\t\t\t\t\t\t<a tabindex=\"0\">Hoeveel op voorhand moet ik komen?<\/a><\/p>\n<p>We verzoeken u vriendelijk om op het uur aangegeven op uw ticket te komen.<\/p>\n<p>\t\t\t\t\t\t\t\t\t\t\t\t<a tabindex=\"0\">Moet ik mijn ticket uitprinten?<\/a><\/p>\n<p>De keuze ligt bij jou. Je kunt het printen of gewoon op je telefoon bewaren. Zorg er wel voor dat je je ticket niet vergeet op de D-Day van de BDM!<\/p>\n<p>\t\t\t\t\t\t\t\t\t\t\t\t<a tabindex=\"0\">Ik heb twee tickets gekocht en mijn naam staat op beide tickets, is dat een probleem?<\/a><\/p>\n<p>Nee, dat is normaal. De tickets hebben dezelfde naam maar verschillende streepjescodes.<\/p>\n<p>\t\t\t\t\t\t\t\t\t\t\t\t<a tabindex=\"0\">Ik heb problemen met het betalen van tickets, wat moet ik doen?<\/a><\/p>\n<p>Neem telefonisch contact met ons op via +32 (0) 2349 35 53 of per e-mail op <a href=\"mailto:clara@designmarket.be\">info@designmarket.be<\/a>We zullen ons best doen om je te helpen.<\/p>\n<p>\t\t\t\t\t\t\t\t\t\t\t\t<a tabindex=\"0\">Ik heb mijn tickets niet gekregen. Wat moet ik nu doen?<\/a><\/p>\n<p>Het kan gebeuren dat u de bevestigingsmail die u werd toegestuurd niet terugvindt. Deze e-mail bevat de link om uw e-tickets te downloaden of op te halen. Begin met het zorgvuldig controleren van uw inbox en uw \"Spam\" junkmail box. De e-mail met uw tickets is verzonden naar het adres dat u hebt gebruikt om de bestelling te plaatsen. Als u het nog steeds niet kunt vinden, controleer dan uw andere e-mailaccounts. Het kan zijn dat u uw bestelling vanaf een ander e-mail adres heeft geplaatst. Als u de e-mail met uw tickets nog steeds niet kunt vinden, neem dan per e-mail contact met ons op via <a href=\"mailto:clara@designmarket.be\">info@designmarket.be<\/a>.<\/p>\n<p>\t\t\t\t\t\t\t\t\t\t\t\t<a tabindex=\"0\">Is mijn ticket meerdere dagen geldig?<\/a><\/p>\n<p>Het enige ticket dat voor twee dagen geldig is, is de Preview en Weekend Pass. Het standaard ticket is geldig voor \u00e9\u00e9n dag, voor slechts \u00e9\u00e9n toegang.<\/p>\n<p>\t\t\t\t\t\t\t\t\t\t\t\t<a tabindex=\"0\">Ik ben mijn tickets kwijt. Wat moet ik nu doen?<\/a><\/p>\n<p class=\" translation-block\">Als je je tickets niet meer kunt vinden of als je je bevestigingsmail kwijt bent, neem dan contact met ons op via info@designmarket.be. We sturen de bevestigingsmail opnieuw naar u.<\/p>\n<p>\t\t\t\t\t\t\t\t\t\t\t\t<a tabindex=\"0\">Is het mogelijk om mijn tickets terugbetaald te krijgen?<\/a><\/p>\n<p>Helaas kunnen tickets niet worden terugbetaald.<\/p>\n<p>\t\t\t\t\t\t\t\t\t\t\t\t<a tabindex=\"0\">Moet ik een ticket voor mijn kind nemen?<\/a><\/p>\n<p>De toegang is gratis voor kinderen onder de 12 jaar.<\/p>\n<p>\t\t\t\t\t\t\t\t\t\t\t\t<a tabindex=\"0\">Is er een vestiaire?<\/a><\/p>\n<p>Nee, er is geen vestiaire op het terrein.<\/p>\n<p>\t\t\t\t\t\t\t\t\t\t\t\t<a tabindex=\"0\">Mag ik mijn hond meenemen ? <\/a><\/p>\n<p>Natuurlijk ! Onze viervoetige vrienden worden op de hele site geaccepteerd.<\/p>\n<p>\t\t\t\t\t\t\t\t\t\t\t\t<a tabindex=\"0\">Zijn er plaatsen waar er eten geserveerd wordt?<\/a><\/p>\n<p>Ja, binnenin de Gare Maritime is er een Food Market.<\/p>\n<p>\t\t\t\t\t\t\t\t\t\t\t\t<a tabindex=\"0\">Wat zijn de betaalmiddelen ter plaatse?<\/a><\/p>\n<p>Gewoonlijk aanvaarden standhouders enkel cash. Sommigen hebben soms elektronische betaalmiddelen, maar dat is niet altijd het geval.<\/p>\n<p>U vindt een KBC-automaat in de Intendantstraat 1, 1080 Brussel.<\/p>\n<p>\t\t\t\t\t\t\t\t\t\t\t\t<a tabindex=\"0\">Is er een parkeerplaats?<\/a><\/p>\n<p>Ja. Er zijn twee ondergrondse parkeergarages (betalen).<\/p>\n<ul>\n<li>Parking &#8220;Park Lane&#8221;: entrance \u00a0Rue Picard 11, 1000 Brussels<\/li>\n<li>\n<p>Parking &#8220;Esplanade&#8221;: entrance\u00a0\u00a0 Avenue du Port 86C, 1000 Brussels<\/p>\n<\/li>\n<\/ul>\n<p>\t\t\t\t\t\t\t\t\t\t\t\t<a tabindex=\"0\">Waar kan ik de lijst van exposanten vinden?<\/a><\/p>\n<p>Ga naar deze pagina: <a href=\"https:\/\/designmarket.be\/nl\/exhibitors\/\">Exposanten<\/a><\/p>\n<p>\t\t\t\t\t\t\t\t\t\t\t\t<a tabindex=\"0\">Is het mogelijk om de markt te verlaten en later terug te komen?<\/a><\/p>\n<p>Ja, met een previewticket is dat mogelijk. Met een standaardticket moet je je tijdslot respecteren.<\/p>\n<p>\t\t\t\t\t\t\t\t\t\t\t\t<a tabindex=\"0\">Hoe kan ik mijn aankopen direct terugbrengen?<\/a><\/p>\n<p>Ja, dat kan. Mocht het voor u om welke reden dan ook niet mogelijk zijn, dan heeft u de mogelijkheid om rechtstreeks met de exposant een levering te regelen. Er zullen ook transporteurs ter plaatse zijn om uw aankoop in te pakken en bij u thuis af te leveren.<\/p>\n<p>\t\t\t\t\t\t\t\t\t\t\t\t<a tabindex=\"0\">How do I know if the furniture I&#8217;d like to purchase is a real vintage piece ?<\/a><\/p>\n<p>Als je deze sticker aantreft op een item dat je wilt kopen, houd er dan rekening mee dat het niet gecertificeerd is als vintage.<img fetchpriority=\"high\" decoding=\"async\" src=\"https:\/\/designmarket.be\/wp-content\/uploads\/2024\/02\/NOT-CERTIFIED-AS-Vintage.png\" alt=\"\" width=\"300\" height=\"300\">&nbsp;<\/p>\n<p>Als u een vraag heeft waarop u het antwoord niet kunt vinden, neem dan contact met ons op via e-mail\u00a0<a href=\"mailto:clara@designmarket.be\">info@designmarket.be.<\/a><\/p>","protected":false},"excerpt":{"rendered":"<p>FAQ Everything you need to know to prepare your visit to the Brussels Design Market. When is the next edition of Brussels Design Market? The next edition of the Brussels&hellip;<\/p>","protected":false},"author":1,"featured_media":3014,"parent":0,"menu_order":0,"comment_status":"closed","ping_status":"closed","template":"","meta":{"_price":"","_stock":"","_tribe_ticket_header":"","_tribe_default_ticket_provider":"","_tribe_ticket_capacity":"0","_ticket_start_date":"","_ticket_end_date":"","_tribe_ticket_show_description":"","_tribe_ticket_show_not_going":false,"_tribe_ticket_use_global_stock":"","_tribe_ticket_global_stock_level":"","_global_stock_mode":"","_global_stock_cap":"","_tribe_rsvp_for_event":"","_tribe_ticket_going_count":"","_tribe_ticket_not_going_count":"","_tribe_tickets_list":[],"_tribe_ticket_has_attendee_info_fields":false,"footnotes":""},"yoast_head":"<!-- This site is optimized with the Yoast SEO plugin v21.8 - https:\/\/yoast.com\/wordpress\/plugins\/seo\/ -->\n<title>FAQ - Brussels Design Market<\/title>\n<meta name=\"robots\" content=\"index, follow, max-snippet:-1, max-image-preview:large, max-video-preview:-1\" \/>\n<link rel=\"canonical\" href=\"https:\/\/designmarket.be\/nl\/faq\/\" \/>\n<meta property=\"og:locale\" content=\"nl_BE\" \/>\n<meta property=\"og:type\" content=\"article\" \/>\n<meta property=\"og:title\" content=\"FAQ - Brussels Design Market\" \/>\n<meta property=\"og:description\" content=\"FAQ Everything you need to know to prepare your visit to the Brussels Design Market. When is the next edition of Brussels Design Market? The next edition of the Brussels&hellip;\" \/>\n<meta property=\"og:url\" content=\"https:\/\/designmarket.be\/nl\/faq\/\" \/>\n<meta property=\"og:site_name\" content=\"Brussels Design Market\" \/>\n<meta property=\"article:publisher\" content=\"https:\/\/www.facebook.com\/BrusselDesignMarket\" \/>\n<meta property=\"article:modified_time\" content=\"2026-03-25T14:26:51+00:00\" \/>\n<meta property=\"og:image\" content=\"https:\/\/designmarket.be\/wp-content\/uploads\/2020\/12\/web_headers_9.jpg\" \/>\n\t<meta property=\"og:image:width\" content=\"1050\" \/>\n\t<meta property=\"og:image:height\" content=\"300\" \/>\n\t<meta property=\"og:image:type\" content=\"image\/jpeg\" \/>\n<meta name=\"twitter:card\" content=\"summary_large_image\" \/>\n<meta name=\"twitter:label1\" content=\"Geschatte leestijd\" \/>\n\t<meta name=\"twitter:data1\" content=\"5 minuten\" \/>\n<script type=\"application\/ld+json\" class=\"yoast-schema-graph\">{\"@context\":\"https:\/\/schema.org\",\"@graph\":[{\"@type\":\"WebPage\",\"@id\":\"https:\/\/designmarket.be\/faq\/\",\"url\":\"https:\/\/designmarket.be\/faq\/\",\"name\":\"FAQ - Brussels Design Market\",\"isPartOf\":{\"@id\":\"https:\/\/designmarket.be\/#website\"},\"datePublished\":\"2021-02-16T16:25:45+00:00\",\"dateModified\":\"2026-03-25T14:26:51+00:00\",\"breadcrumb\":{\"@id\":\"https:\/\/designmarket.be\/faq\/#breadcrumb\"},\"inLanguage\":\"nl-BE\",\"potentialAction\":[{\"@type\":\"ReadAction\",\"target\":[\"https:\/\/designmarket.be\/faq\/\"]}]},{\"@type\":\"BreadcrumbList\",\"@id\":\"https:\/\/designmarket.be\/faq\/#breadcrumb\",\"itemListElement\":[{\"@type\":\"ListItem\",\"position\":1,\"name\":\"Accueil\",\"item\":\"https:\/\/designmarket.be\/\"},{\"@type\":\"ListItem\",\"position\":2,\"name\":\"FAQ\"}]},{\"@type\":\"WebSite\",\"@id\":\"https:\/\/designmarket.be\/#website\",\"url\":\"https:\/\/designmarket.be\/\",\"name\":\"Brussels Design Market\",\"description\":\"Next edition : 21 &amp; 22 November 2026\",\"publisher\":{\"@id\":\"https:\/\/designmarket.be\/#organization\"},\"potentialAction\":[{\"@type\":\"SearchAction\",\"target\":{\"@type\":\"EntryPoint\",\"urlTemplate\":\"https:\/\/designmarket.be\/?s={search_term_string}\"},\"query-input\":\"required name=search_term_string\"}],\"inLanguage\":\"nl-BE\"},{\"@type\":\"Organization\",\"@id\":\"https:\/\/designmarket.be\/#organization\",\"name\":\"Design Market\",\"url\":\"https:\/\/designmarket.be\/\",\"logo\":{\"@type\":\"ImageObject\",\"inLanguage\":\"nl-BE\",\"@id\":\"https:\/\/designmarket.be\/#\/schema\/logo\/image\/\",\"url\":\"https:\/\/designmarket.be\/wp-content\/uploads\/2020\/11\/logo-default-black-e1607076753687.png\",\"contentUrl\":\"https:\/\/designmarket.be\/wp-content\/uploads\/2020\/11\/logo-default-black-e1607076753687.png\",\"width\":150,\"height\":85,\"caption\":\"Design Market\"},\"image\":{\"@id\":\"https:\/\/designmarket.be\/#\/schema\/logo\/image\/\"},\"sameAs\":[\"https:\/\/www.facebook.com\/BrusselDesignMarket\",\"https:\/\/www.instagram.com\/brusselsdesignmarket\/\",\"https:\/\/www.pinterest.dk\/BrusselsDesignMarket\"]}]}<\/script>\n<!-- \/ Yoast SEO plugin. -->","yoast_head_json":{"title":"FAQ - Brussels Design Market","robots":{"index":"index","follow":"follow","max-snippet":"max-snippet:-1","max-image-preview":"max-image-preview:large","max-video-preview":"max-video-preview:-1"},"canonical":"https:\/\/designmarket.be\/nl\/faq\/","og_locale":"nl_BE","og_type":"article","og_title":"FAQ - Brussels Design Market","og_description":"FAQ Everything you need to know to prepare your visit to the Brussels Design Market. When is the next edition of Brussels Design Market? The next edition of the Brussels&hellip;","og_url":"https:\/\/designmarket.be\/nl\/faq\/","og_site_name":"Brussels Design Market","article_publisher":"https:\/\/www.facebook.com\/BrusselDesignMarket","article_modified_time":"2026-03-25T14:26:51+00:00","og_image":[{"width":1050,"height":300,"url":"https:\/\/designmarket.be\/wp-content\/uploads\/2020\/12\/web_headers_9.jpg","type":"image\/jpeg"}],"twitter_card":"summary_large_image","twitter_misc":{"Geschatte leestijd":"5 minuten"},"schema":{"@context":"https:\/\/schema.org","@graph":[{"@type":"WebPage","@id":"https:\/\/designmarket.be\/faq\/","url":"https:\/\/designmarket.be\/faq\/","name":"FAQ - Brussels Design Market","isPartOf":{"@id":"https:\/\/designmarket.be\/#website"},"datePublished":"2021-02-16T16:25:45+00:00","dateModified":"2026-03-25T14:26:51+00:00","breadcrumb":{"@id":"https:\/\/designmarket.be\/faq\/#breadcrumb"},"inLanguage":"nl-BE","potentialAction":[{"@type":"ReadAction","target":["https:\/\/designmarket.be\/faq\/"]}]},{"@type":"BreadcrumbList","@id":"https:\/\/designmarket.be\/faq\/#breadcrumb","itemListElement":[{"@type":"ListItem","position":1,"name":"Accueil","item":"https:\/\/designmarket.be\/"},{"@type":"ListItem","position":2,"name":"FAQ"}]},{"@type":"WebSite","@id":"https:\/\/designmarket.be\/#website","url":"https:\/\/designmarket.be\/","name":"Brussels Design Market","description":"Next edition : 21 &amp; 22 November 2026","publisher":{"@id":"https:\/\/designmarket.be\/#organization"},"potentialAction":[{"@type":"SearchAction","target":{"@type":"EntryPoint","urlTemplate":"https:\/\/designmarket.be\/?s={search_term_string}"},"query-input":"required name=search_term_string"}],"inLanguage":"nl-BE"},{"@type":"Organization","@id":"https:\/\/designmarket.be\/#organization","name":"Design Market","url":"https:\/\/designmarket.be\/","logo":{"@type":"ImageObject","inLanguage":"nl-BE","@id":"https:\/\/designmarket.be\/#\/schema\/logo\/image\/","url":"https:\/\/designmarket.be\/wp-content\/uploads\/2020\/11\/logo-default-black-e1607076753687.png","contentUrl":"https:\/\/designmarket.be\/wp-content\/uploads\/2020\/11\/logo-default-black-e1607076753687.png","width":150,"height":85,"caption":"Design Market"},"image":{"@id":"https:\/\/designmarket.be\/#\/schema\/logo\/image\/"},"sameAs":["https:\/\/www.facebook.com\/BrusselDesignMarket","https:\/\/www.instagram.com\/brusselsdesignmarket\/","https:\/\/www.pinterest.dk\/BrusselsDesignMarket"]}]}},"_links":{"self":[{"href":"https:\/\/designmarket.be\/nl\/wp-json\/wp\/v2\/pages\/4516"}],"collection":[{"href":"https:\/\/designmarket.be\/nl\/wp-json\/wp\/v2\/pages"}],"about":[{"href":"https:\/\/designmarket.be\/nl\/wp-json\/wp\/v2\/types\/page"}],"author":[{"embeddable":true,"href":"https:\/\/designmarket.be\/nl\/wp-json\/wp\/v2\/users\/1"}],"replies":[{"embeddable":true,"href":"https:\/\/designmarket.be\/nl\/wp-json\/wp\/v2\/comments?post=4516"}],"version-history":[{"count":339,"href":"https:\/\/designmarket.be\/nl\/wp-json\/wp\/v2\/pages\/4516\/revisions"}],"predecessor-version":[{"id":11874,"href":"https:\/\/designmarket.be\/nl\/wp-json\/wp\/v2\/pages\/4516\/revisions\/11874"}],"wp:featuredmedia":[{"embeddable":true,"href":"https:\/\/designmarket.be\/nl\/wp-json\/wp\/v2\/media\/3014"}],"wp:attachment":[{"href":"https:\/\/designmarket.be\/nl\/wp-json\/wp\/v2\/media?parent=4516"}],"curies":[{"name":"wp","href":"https:\/\/api.w.org\/{rel}","templated":true}]}}